{"id":91,"date":"2013-10-28T22:49:59","date_gmt":"2013-10-28T20:49:59","guid":{"rendered":"https:\/\/lopunajat.fi\/blogi\/?page_id=91"},"modified":"2017-10-23T15:50:21","modified_gmt":"2017-10-23T12:50:21","slug":"lopunajoista","status":"publish","type":"page","link":"https:\/\/lopunajat.fi\/blogi\/lopunajoista\/","title":{"rendered":"LOPUNAJOISTA"},"content":{"rendered":"<div id=\"attachment_261\" style=\"width: 310px\" class=\"wp-caption alignleft\"><a href=\"https:\/\/lopunajat.fi\/blogi\/wp-content\/uploads\/2013\/12\/ID-100146585.jpg\"><img loading=\"lazy\" decoding=\"async\" aria-describedby=\"caption-attachment-261\" class=\"wp-image-261 size-medium\" src=\"http:\/\/www.lopunajat.fi\/blogi\/wp-content\/uploads\/2013\/12\/ID-100146585-300x277.jpg\" alt=\"Image courtesy of Stuart Miles at FreeDigitalPhotos.net\" width=\"300\" height=\"277\" srcset=\"https:\/\/lopunajat.fi\/blogi\/wp-content\/uploads\/2013\/12\/ID-100146585-300x277.jpg 300w, https:\/\/lopunajat.fi\/blogi\/wp-content\/uploads\/2013\/12\/ID-100146585.jpg 400w\" sizes=\"auto, (max-width: 300px) 100vw, 300px\" \/><\/a><p id=\"caption-attachment-261\" class=\"wp-caption-text\">Image courtesy of Stuart Miles at <a href=\"http:\/\/FreeDigitalPhotos.net\" class=\"autohyperlink\" target=\"_blank\">FreeDigitalPhotos.net<\/a><\/p><\/div>\n<p>T\u00e4ss\u00e4 yksi monista lopunaikaan liittyv\u00e4 kohta Raamatussa, jossa Jeesus puhuu:<\/p>\n<p><strong>Niin h\u00e4n sanoi: &#8221;Katsokaa, ettei teit\u00e4 eksytet\u00e4. Sill\u00e4 monta tulee minun nimess\u00e4ni sanoen: &#8217;Min\u00e4 olen se&#8217;, ja: &#8217;Aika on l\u00e4hell\u00e4&#8217;. Mutta \u00e4lk\u00e4\u00e4 menk\u00f6 heid\u00e4n per\u00e4ss\u00e4\u00e4n.<\/strong><\/p>\n<p><strong>Ja kun kuulette sotien ja kapinain melskett\u00e4, \u00e4lk\u00e4\u00e4 pelj\u00e4styk\u00f6. Sill\u00e4 n\u00e4itten t\u00e4ytyy ensin tapahtua, mutta loppu ei tule viel\u00e4 heti.&#8221;<\/strong><\/p>\n<p><strong>Sitten h\u00e4n sanoi heille: &#8221;Kansa nousee kansaa vastaan ja valtakunta valtakuntaa vastaan,<\/strong><\/p>\n<p><strong>ja tulee suuria maanj\u00e4ristyksi\u00e4, tulee ruttoa ja n\u00e4l\u00e4nh\u00e4t\u00e4\u00e4 monin paikoin, ja taivaalla on oleva pelj\u00e4tt\u00e4vi\u00e4 n\u00e4kyj\u00e4 ja suuria merkkej\u00e4.<\/strong><\/p>\n<p>Luukas 21:8-11<\/p>\n<p><strong>Ja on oleva merkit auringossa ja kuussa ja t\u00e4hdiss\u00e4, ja ahdistus kansoilla maan p\u00e4\u00e4ll\u00e4 ja ep\u00e4toivo, kun meri ja aallot pauhaavat.<\/strong><\/p>\n<p><strong>Ja ihmiset menehtyv\u00e4t pelj\u00e4tess\u00e4\u00e4n ja odottaessaan sit\u00e4, mik\u00e4 maanpiiri\u00e4 kohtaa; sill\u00e4 taivaitten voimat j\u00e4rkkyv\u00e4t.<\/strong><\/p>\n<p><strong>Ja silloin he n\u00e4kev\u00e4t Ihmisen Pojan tulevan pilvess\u00e4 suurella voimalla ja kirkkaudella.<\/strong><\/p>\n<p><strong>Mutta kun n\u00e4m\u00e4 alkavat tapahtua, niin rohkaiskaa itsenne ja nostakaa p\u00e4\u00e4nne, sill\u00e4 teid\u00e4n vapautuksenne on l\u00e4hell\u00e4.&#8221;<\/strong><\/p>\n<p><strong>Ja h\u00e4n puhui heille vertauksen: &#8221;Katsokaa viikunapuuta ja kaikkia puita. Kun ne jo puhkeavat lehteen, niin siit\u00e4 te n\u00e4ette ja itsest\u00e4nne ymm\u00e4rr\u00e4tte, ett\u00e4 kes\u00e4 jo on l\u00e4hell\u00e4. Samoin te my\u00f6s, kun n\u00e4ette t\u00e4m\u00e4n tapahtuvan, tiet\u00e4k\u00e4\u00e4, ett\u00e4 Jumalan valtakunta on l\u00e4hell\u00e4.<\/strong><\/p>\n<p><strong>Totisesti min\u00e4 sanon teille: t\u00e4m\u00e4 sukupolvi ei katoa, ennenkuin kaikki tapahtuu.<\/strong><\/p>\n<p><strong>Taivas ja maa katoavat, mutta minun sanani eiv\u00e4t katoa.<\/strong><\/p>\n<p><strong>Mutta pit\u00e4k\u00e4\u00e4 vaari itsest\u00e4nne, ettei teid\u00e4n syd\u00e4mi\u00e4nne raskauta p\u00e4ihtymys ja juoppous eik\u00e4 elatuksen murheet, niin ett\u00e4 se p\u00e4iv\u00e4 yll\u00e4tt\u00e4\u00e4 teid\u00e4t \u00e4kkiarvaamattaniinkuin paula; sill\u00e4 se on saavuttava kaikki, jotka koko maan p\u00e4\u00e4ll\u00e4 asuvat.<\/strong><\/p>\n<p><strong>Valvokaa siis joka aika ja rukoilkaa, ett\u00e4 saisitte voimaa paetaksenne t\u00e4t\u00e4 kaikkea, mik\u00e4 tuleva on, ja seisoaksenne Ihmisen Pojan edess\u00e4.&#8221;<\/strong><\/p>\n<p style=\"text-align: right;\">Luukas 21:25-37<\/p>\n<h4><\/h4>\n<p>&nbsp;<\/p>\n<h4>Paavali kirjoittaa:<\/h4>\n<h4>Sill\u00e4 jos sin\u00e4 tunnustat suullasi Jeesuksen Herraksi ja uskot syd\u00e4mess\u00e4si, ett\u00e4 Jumala on h\u00e4net kuolleista her\u00e4tt\u00e4nyt, niin sin\u00e4 pelastut;<\/h4>\n<h4>sill\u00e4 syd\u00e4men uskolla tullaan vanhurskaaksi ja suun tunnustuksella pelastutaan. Sanoohan Raamattu: &#8221;Ei yksik\u00e4\u00e4n, joka h\u00e4neen uskoo, joudu h\u00e4pe\u00e4\u00e4n&#8221;.<\/h4>\n<h4>T\u00e4ss\u00e4 ei ole erotusta juutalaisen eik\u00e4 kreikkalaisen v\u00e4lill\u00e4; sill\u00e4 yksi ja sama on kaikkien Herra, rikas antaja kaikille, jotka h\u00e4nt\u00e4 avuksi huutavat. Sill\u00e4 &#8221;jokainen, joka huutaa avuksi Herran nime\u00e4, pelastuu&#8221;.<\/h4>\n<p style=\"text-align: right;\">Roomalaiskirje 10:9-13<\/p>\n<div id=\"attachment_260\" style=\"width: 208px\" class=\"wp-caption alignnone\"><a href=\"https:\/\/lopunajat.fi\/blogi\/wp-content\/uploads\/2013\/12\/ID-1004736.jpg\"><img loading=\"lazy\" decoding=\"async\" aria-describedby=\"caption-attachment-260\" class=\"wp-image-260 size-medium\" src=\"http:\/\/www.lopunajat.fi\/blogi\/wp-content\/uploads\/2013\/12\/ID-1004736-198x300.jpg\" alt=\"Image courtesy of Suat Eman at FreeDigitalPhotos.net\" width=\"198\" height=\"300\" srcset=\"https:\/\/lopunajat.fi\/blogi\/wp-content\/uploads\/2013\/12\/ID-1004736-198x300.jpg 198w, https:\/\/lopunajat.fi\/blogi\/wp-content\/uploads\/2013\/12\/ID-1004736.jpg 265w\" sizes=\"auto, (max-width: 198px) 100vw, 198px\" \/><\/a><p id=\"caption-attachment-260\" class=\"wp-caption-text\">Image courtesy of Suat Eman at <a href=\"http:\/\/FreeDigitalPhotos.net\" class=\"autohyperlink\" target=\"_blank\">FreeDigitalPhotos.net<\/a><\/p><\/div>\n","protected":false},"excerpt":{"rendered":"<p>T\u00e4ss\u00e4 yksi monista lopunaikaan liittyv\u00e4 kohta Raamatussa, jossa Jeesus puhuu: Niin h\u00e4n sanoi: &#8221;Katsokaa, ettei teit\u00e4 eksytet\u00e4. Sill\u00e4 monta tulee minun nimess\u00e4ni sanoen: &#8217;Min\u00e4 olen se&#8217;, ja: &#8217;Aika on l\u00e4hell\u00e4&#8217;. Mutta \u00e4lk\u00e4\u00e4 menk\u00f6 heid\u00e4n per\u00e4ss\u00e4\u00e4n. Ja kun kuulette sotien ja kapinain melskett\u00e4, \u00e4lk\u00e4\u00e4 pelj\u00e4styk\u00f6. Sill\u00e4 n\u00e4itten t\u00e4ytyy ensin tapahtua, mutta loppu ei tule viel\u00e4 heti.&#8221; [&hellip;]<\/p>\n","protected":false},"author":1,"featured_media":0,"parent":0,"menu_order":0,"comment_status":"closed","ping_status":"open","template":"","meta":{"footnotes":""},"class_list":["post-91","page","type-page","status-publish","hentry"],"_links":{"self":[{"href":"https:\/\/lopunajat.fi\/blogi\/wp-json\/wp\/v2\/pages\/91","targetHints":{"allow":["GET"]}}],"collection":[{"href":"https:\/\/lopunajat.fi\/blogi\/wp-json\/wp\/v2\/pages"}],"about":[{"href":"https:\/\/lopunajat.fi\/blogi\/wp-json\/wp\/v2\/types\/page"}],"author":[{"embeddable":true,"href":"https:\/\/lopunajat.fi\/blogi\/wp-json\/wp\/v2\/users\/1"}],"replies":[{"embeddable":true,"href":"https:\/\/lopunajat.fi\/blogi\/wp-json\/wp\/v2\/comments?post=91"}],"version-history":[{"count":20,"href":"https:\/\/lopunajat.fi\/blogi\/wp-json\/wp\/v2\/pages\/91\/revisions"}],"predecessor-version":[{"id":5925,"href":"https:\/\/lopunajat.fi\/blogi\/wp-json\/wp\/v2\/pages\/91\/revisions\/5925"}],"wp:attachment":[{"href":"https:\/\/lopunajat.fi\/blogi\/wp-json\/wp\/v2\/media?parent=91"}],"curies":[{"name":"wp","href":"https:\/\/api.w.org\/{rel}","templated":true}]}}