{"id":77,"date":"2013-10-28T22:28:43","date_gmt":"2013-10-28T20:28:43","guid":{"rendered":"https:\/\/lopunajat.fi\/blogi\/?page_id=77"},"modified":"2020-08-16T14:17:26","modified_gmt":"2020-08-16T11:17:26","slug":"pelastus","status":"publish","type":"page","link":"https:\/\/lopunajat.fi\/blogi\/pelastus\/","title":{"rendered":"PELASTUS"},"content":{"rendered":"<h3 style=\"text-align: left;\" align=\"center\"><span style=\"color: #000000;\"><strong>OTA JEESUS VASTAAN EL\u00c4M\u00c4SI PELASTAJAKSI:<\/strong><\/span><\/h3>\n<p><strong>Jeesus sanoi: \u201cMin\u00e4 olen tie, totuus ja el\u00e4m\u00e4; ei kukaan p\u00e4\u00e4se Is\u00e4n (Jumalan) luo muuten kuin minun kauttani.\u201d (Joh. 14:6)<\/strong><\/p>\n<p>Voit rukoilla vaikka n\u00e4in:<\/p>\n<p><strong>Tied\u00e4n olevani syntinen ja tarvitsen t\u00e4ydellist\u00e4 syntien sovitusta. Kiitos yl\u00f6snoussut\u00a0 Jeesus Kristus Jumalan Poika, ett\u00e4 sin\u00e4 sovitit kaikki syntini Golgatan keskimm\u00e4isell\u00e4 ristill\u00e4. Kiitos, ett\u00e4 saan tulla luoksesi nyt &#8211; juuri t\u00e4ll\u00e4isena kun olen. Haluan antaa koko el\u00e4m\u00e4ni sinulle Jeesus Kristus ja haluan vastaanottaa Sinut henkil\u00f6kohtaisesti Vapahtajakseni ja Pelastajakseni ja Herrakseni. Tunnustan \u00e4\u00e4neen, ett\u00e4 sin\u00e4 olet Herra. <\/strong><strong>Kiitos, ett\u00e4 annat kaikki syntini anteeksi, teet minusta uuden luomuksen ja t\u00e4yt\u00e4t minut Pyh\u00e4ll\u00e4 Hengell\u00e4si. <\/strong><strong>Aamen.<\/strong><\/p>\n<p><strong>Sill\u00e4<span style=\"text-decoration: underline;\"> jos sin\u00e4 tunnustat suullasi Jeesuksen Herraksi ja uskot syd\u00e4mess\u00e4si, ett\u00e4 Jumala on h\u00e4net kuolleista her\u00e4tt\u00e4nyt<\/span>, <span style=\"text-decoration: underline;\">niin sin\u00e4 pelastut<\/span> (Room 10:9)<\/strong><\/p>\n<p><strong>Armo teille ja rauha Jumalalta, meid\u00e4n Is\u00e4lt\u00e4mme, ja Herralta Jeesukselta Kristukselta, <span style=\"text-decoration: underline;\">joka antoi itsens\u00e4 alttiiksi meid\u00e4n syntiemme t\u00e4hden, pelastaaksensa meid\u00e4t<\/span> nykyisest\u00e4 pahasta maailmanajasta meid\u00e4n Jumalamme ja Is\u00e4mme tahdon mukaan! H\u00e4nen olkoon kunnia aina ja iankaikkisesti! Amen. (Gal. 1:3-5)<\/strong><\/p>\n<p>Nyt Jumalan lapsena saat uskoa kaikki sinun syntisi anteeksi annetuiksi ja saat olla varma, ett\u00e4 <strong>H\u00e4n EI KOSKAAN hylk\u00e4\u00e4 eik\u00e4 j\u00e4t\u00e4 sinua<\/strong>, vaikka useat &#8211; tunnetutkin julistajat\/organisaatiot ja kristityiksi itse\u00e4\u00e4n tituleeraavat yritt\u00e4v\u00e4tkin muuta v\u00e4itt\u00e4\u00e4\/opettaa.<\/p>\n<p><strong>Niinkuin kirjoitettu on: &#8221;Sinun t\u00e4htesi meit\u00e4 surmataan kaiken p\u00e4iv\u00e4\u00e4; meit\u00e4 pidet\u00e4\u00e4n teuraslampaina&#8221;. Mutta n\u00e4iss\u00e4 kaikissa <span style=\"text-decoration: underline;\">me saamme jalon voiton h\u00e4nen kauttansa, joka meit\u00e4 on rakastanut. Sill\u00e4 min\u00e4 olen varma siit\u00e4, ettei kuolema eik\u00e4 el\u00e4m\u00e4, ei enkelit eik\u00e4 henkivallat, ei nykyiset eik\u00e4 tulevaiset, ei voimat, ei korkeus eik\u00e4 syvyys, eik\u00e4 mik\u00e4\u00e4n muu luotu voi meit\u00e4 erottaa Jumalan rakkaudesta, joka on Kristuksessa Jeesuksessa, meid\u00e4n Herrassamme<\/span>. (Room 8:37-39)<\/strong><\/p>\n<p><strong><span style=\"text-decoration: underline;\">H\u00e4ness\u00e4 me my\u00f6s olemme saaneet perint\u00f6osan, ollen siihen edelt\u00e4m\u00e4\u00e4r\u00e4tyt h\u00e4nen aivoituksensa mukaan, h\u00e4nen, joka vaikuttaa kaikki oman tahtonsa p\u00e4\u00e4tt\u00e4m\u00e4n mukaan, ett\u00e4 me olisimme h\u00e4nen kirkkautensa kiitokseksi, me, jotka jo edelt\u00e4 olimme panneet toivomme Kristukseen. H\u00e4ness\u00e4 on teihinkin, sittenkuin olitte kuulleet totuuden sanan, pelastuksenne evankeliumin, uskoviksi tultuanne pantu luvatun Pyh\u00e4n Hengen sinetti, sen, joka on meid\u00e4n perint\u00f6mme vakuutena, h\u00e4nen omaisuutensa lunastamiseksi-h\u00e4nen kirkkautensa kiitokseksi.<\/span> (Ef. 1:11-14)<\/strong><\/p>\n<p><strong><span style=\"text-decoration: underline;\">Sin\u00e4 astuit yl\u00f6s korkeuteen, otit vankeja saaliiksesi, sait ihmisi\u00e4 lahjaksesi: niskoittelijatkin joutuvat asumaan Herran Jumalan tyk\u00f6n\u00e4<\/span>. Kiitetty olkoon Herra joka p\u00e4iv\u00e4. <span style=\"text-decoration: underline;\">Meit\u00e4 kantaa Jumala<\/span>, meid\u00e4n apumme. Sela. <span style=\"text-decoration: underline;\">Meill\u00e4 on Jumala, Jumala, joka auttaa, ja Herra, Herra, joka kuolemasta vapahtaa<\/span>. (Ps 68:18-20)<\/strong><\/p>\n<p><strong><span style=\"text-decoration: underline;\">Vai ettek\u00f6 tied\u00e4, ett\u00e4 teid\u00e4n ruumiinne on Pyh\u00e4n Hengen temppeli, joka Henki teiss\u00e4 on ja jonka te olette saaneet Jumalalta, ja ettette ole itsenne omat?<\/span> Sill\u00e4 te olette kalliisti ostetut. Kirkastakaa siis Jumala ruumiissanne. (1. Kor 6:19-20)<\/strong><\/p>\n<p><strong>Minua kummastuttaa, ett\u00e4 te niin \u00e4kki\u00e4 k\u00e4\u00e4nnytte h\u00e4nest\u00e4, joka on kutsunut teid\u00e4t Kristuksen armossa, pois toisenlaiseen evankeliumiin, joka kuitenkaan ei ole mik\u00e4\u00e4n toinen; on vain er\u00e4it\u00e4, jotka h\u00e4mment\u00e4v\u00e4t teit\u00e4 ja tahtovat v\u00e4\u00e4ristell\u00e4 Kristuksen evankeliumin. Mutta vaikka me, tai vaikka enkeli taivaasta julistaisi teille evankeliumia, joka on vastoin sit\u00e4, mink\u00e4 me olemme teille julistaneet, h\u00e4n olkoon kirottu. (Gal. 1:6-8)<\/strong><\/p>\n<p><strong><span style=\"text-decoration: underline;\">heiss\u00e4 on jumalisuuden ulkokuori, mutta he kielt\u00e4v\u00e4t sen voiman. Senkaltaisia karta.<\/span><br \/>\n(2. Tim. 3:5)<\/strong><\/p>\n<p><strong>Lapsukaiseni, t\u00e4m\u00e4n min\u00e4 kirjoitan teille, ettette synti\u00e4 tekisi; mutta jos joku synti\u00e4 tekeekin, niin <span style=\"text-decoration: underline;\">meill\u00e4 on puolustaja Is\u00e4n tyk\u00f6n\u00e4, Jeesus Kristus, joka on vanhurskas<\/span>. <\/strong><strong>Ja <span style=\"text-decoration: underline;\">h\u00e4n on meid\u00e4n syntiemme sovitus; eik\u00e4 ainoastaan meid\u00e4n, vaan my\u00f6s koko maailman syntien<\/span>. (1. Johanneksen kirje 2:1-2)<\/strong><\/p>\n<p><strong>Sill\u00e4 <span style=\"text-decoration: underline;\">armosta te olette pelastetut uskon kautta<\/span>, ette itsenne kautta &#8211; <span style=\"text-decoration: underline;\">se on Jumalan lahja <\/span>&#8211; <\/strong><strong>ette tekojen kautta, ettei kukaan kerskaisi. <\/strong><strong>(Ef 2:8-9)<\/strong><\/p>\n<p><strong>Joka rikkomuksensa salaa, se ei menesty; mutta joka ne tunnustaa ja hylk\u00e4\u00e4, se saa armon (Sananlaskut 28:13)<\/strong><\/p>\n<p><strong><span style=\"text-decoration: underline;\">Kuka voi syytt\u00e4\u00e4 Jumalan valittuja? Jumala on se, joka vanhurskauttaa<\/span>. Kuka voi tuomita kadotukseen? Kristus Jeesus on se, joka on kuollut, onpa viel\u00e4 her\u00e4tettykin, ja h\u00e4n on Jumalan oikealla puolella, ja h\u00e4n my\u00f6s rukoilee meid\u00e4n edest\u00e4mme. (Room. 8:33-34)<\/strong><\/p>\n<p><strong>Sill\u00e4 kun, Jumalan viisaudesta, maailma ei oppinut viisauden avulla tuntemaan Jumalaa, niin <span style=\"text-decoration: underline;\">Jumala n\u00e4ki hyv\u00e4ksi saarnauttamansa hullutuksen kautta pelastaa ne, jotka uskovat<\/span>, koskapa juutalaiset vaativat tunnustekoja ja kreikkalaiset etsiv\u00e4t viisautta, <\/strong><strong>me taas saarnaamme ristiinnaulittua Kristusta, joka on juutalaisille pahennus ja pakanoille hullutus, mutta joka niille, jotka ovat kutsutut, olkootpa juutalaisia tai kreikkalaisia, on <span style=\"text-decoration: underline;\">Kristus, Jumalan voima ja Jumalan viisaus<\/span>. <\/strong><strong>(1. Kor 1:21-24)<\/strong><\/p>\n<p><strong> varmasti luottaen siihen, ett\u00e4 <span style=\"text-decoration: underline;\">h\u00e4n, joka on alkanut teiss\u00e4 hyv\u00e4n ty\u00f6n, on sen t\u00e4ytt\u00e4v\u00e4<\/span> Kristuksen Jeesuksen p\u00e4iv\u00e4\u00e4n saakka. (Fil 1:6)<\/strong><\/p>\n<h4>T\u00e4ss\u00e4 ei ole erotusta juutalaisen eik\u00e4 kreikkalaisen v\u00e4lill\u00e4; sill\u00e4 yksi ja sama on kaikkien Herra, rikas antaja kaikille, jotka h\u00e4nt\u00e4 avuksi huutavat. Sill\u00e4 <span style=\"text-decoration: underline;\">\u201cjokainen, joka huutaa avuksi Herran nime\u00e4, pelastuu<\/span>\u201d. (Roomalaiskirje 10:9-13)<\/h4>\n<p><strong>Jeesus sanoi: <\/strong><strong>Ja min\u00e4 olen rukoileva Is\u00e4\u00e4, ja h\u00e4n antaa teille toisen Puolustajan olemaan teid\u00e4n kanssanne <span style=\"text-decoration: underline;\">iankaikkisesti<\/span>, totuuden Hengen, jota maailma ei voi ottaa vastaan, koska se ei n\u00e4e h\u00e4nt\u00e4 eik\u00e4 tunne h\u00e4nt\u00e4; mutta te tunnette h\u00e4net, <span style=\"text-decoration: underline;\">sill\u00e4 h\u00e4n pysyy teid\u00e4n tyk\u00f6n\u00e4nne ja on teiss\u00e4 oleva<\/span>. (Joh: 14:16-17)<\/strong><\/p>\n<p><strong>Totisesti, totisesti min\u00e4 sanon teille: <span style=\"text-decoration: underline;\">joka uskoo, sill\u00e4 on iankaikkinen el\u00e4m\u00e4<\/span>. (Joh. 6:47)<\/strong><\/p>\n<p><strong>Minun lampaani kuulevat minun \u00e4\u00e4nt\u00e4ni, ja min\u00e4 tunnen ne, ja ne seuraavat minua.\u00a0 Ja <span style=\"text-decoration: underline;\">min\u00e4 annan heille iankaikkisen el\u00e4m\u00e4n, ja he eiv\u00e4t ikin\u00e4 huku, eik\u00e4 kukaan ry\u00f6st\u00e4 heit\u00e4 minun k\u00e4dest\u00e4ni. Minun Is\u00e4ni, joka on heid\u00e4t minulle antanut, on suurempi kaikkia, eik\u00e4 kukaan voi ry\u00f6st\u00e4\u00e4 heit\u00e4 minun Is\u00e4ni k\u00e4dest\u00e4<\/span>. (Joh. 10: 27-29)<\/strong><\/p>\n<p><strong><span style=\"text-decoration: underline;\">Min\u00e4, min\u00e4 olen Herra, eik\u00e4 ole muuta pelastajaa, kuin min\u00e4.<\/span><\/strong> <strong>Min\u00e4 olen ilmoittanut, <span style=\"text-decoration: underline;\">olen pelastanut<\/span> ja julistanut, eik\u00e4 ollut vierasta jumalaa teid\u00e4n keskuudessanne. Te olette minun todistajani, sanoo Herra, ja min\u00e4 olen Jumala. T\u00e4stedeskin min\u00e4 olen sama. <span style=\"text-decoration: underline;\">Ei kukaan voi vapauttaa minun k\u00e4dest\u00e4ni; mink\u00e4 min\u00e4 teen, kuka sen peruuttaa?<\/span> (Jesaja 43: 11-13)<\/strong><\/p>\n<p><strong>Totisesti, totisesti min\u00e4 sanon teille: <span style=\"text-decoration: underline;\">joka kuulee minun sanani ja uskoo h\u00e4neen, joka on minut l\u00e4hett\u00e4nyt, sill\u00e4 on iankaikkinen el\u00e4m\u00e4, eik\u00e4 h\u00e4n joudu tuomittavaksi, vaan on siirtynyt kuolemasta el\u00e4m\u00e4\u00e4n.<\/span><\/strong><\/p>\n<p><strong>Joh 5:24<\/strong><\/p>\n<p><strong>Ja koska te olette lapsia, on Jumala l\u00e4hett\u00e4nyt meid\u00e4n syd\u00e4meemme Poikansa Hengen, joka huutaa: &#8221;Abba! Is\u00e4!&#8221;. <\/strong><strong>Niinp\u00e4 sin\u00e4 <span style=\"text-decoration: underline;\">et siis en\u00e4\u00e4 ole orja, vaan lapsi; mutta jos olet lapsi, olet my\u00f6s perillinen Jumalan kautta<\/span>. (Gal 4:6-7)<\/strong><\/p>\n<p><strong>Kaikki, mink\u00e4 Is\u00e4 antaa minulle, tulee minun tyk\u00f6ni; ja <span style=\"text-decoration: underline;\">sit\u00e4, joka minun tyk\u00f6ni tulee, min\u00e4 en heit\u00e4 ulos<\/span>.\u00a0 (Johannes 6:37)<\/strong><\/p>\n<p><strong> Lue lis\u00e4\u00e4 Sanaa eli <a href=\"http:\/\/raamattu.uskonkirjat.net\/servlet\/biblesite.Bible\" target=\"_blank\" rel=\"noopener noreferrer\">Raamattua<\/a>.<\/strong><\/p>\n<p>Lue my\u00f6s <a title=\"LOPUNAJOISTA\" href=\"https:\/\/lopunajat.fi\/blogi\/?page_id=91\">** t\u00e4m\u00e4 **<\/a><\/p>\n","protected":false},"excerpt":{"rendered":"<p>OTA JEESUS VASTAAN EL\u00c4M\u00c4SI PELASTAJAKSI: Jeesus sanoi: \u201cMin\u00e4 olen tie, totuus ja el\u00e4m\u00e4; ei kukaan p\u00e4\u00e4se Is\u00e4n (Jumalan) luo muuten kuin minun kauttani.\u201d (Joh. 14:6) Voit rukoilla vaikka n\u00e4in: Tied\u00e4n olevani syntinen ja tarvitsen t\u00e4ydellist\u00e4 syntien sovitusta. Kiitos yl\u00f6snoussut\u00a0 Jeesus Kristus Jumalan Poika, ett\u00e4 sin\u00e4 sovitit kaikki syntini Golgatan keskimm\u00e4isell\u00e4 ristill\u00e4. Kiitos, ett\u00e4 saan tulla [&hellip;]<\/p>\n","protected":false},"author":1,"featured_media":0,"parent":0,"menu_order":0,"comment_status":"closed","ping_status":"open","template":"","meta":{"footnotes":""},"class_list":["post-77","page","type-page","status-publish","hentry"],"_links":{"self":[{"href":"https:\/\/lopunajat.fi\/blogi\/wp-json\/wp\/v2\/pages\/77","targetHints":{"allow":["GET"]}}],"collection":[{"href":"https:\/\/lopunajat.fi\/blogi\/wp-json\/wp\/v2\/pages"}],"about":[{"href":"https:\/\/lopunajat.fi\/blogi\/wp-json\/wp\/v2\/types\/page"}],"author":[{"embeddable":true,"href":"https:\/\/lopunajat.fi\/blogi\/wp-json\/wp\/v2\/users\/1"}],"replies":[{"embeddable":true,"href":"https:\/\/lopunajat.fi\/blogi\/wp-json\/wp\/v2\/comments?post=77"}],"version-history":[{"count":69,"href":"https:\/\/lopunajat.fi\/blogi\/wp-json\/wp\/v2\/pages\/77\/revisions"}],"predecessor-version":[{"id":6500,"href":"https:\/\/lopunajat.fi\/blogi\/wp-json\/wp\/v2\/pages\/77\/revisions\/6500"}],"wp:attachment":[{"href":"https:\/\/lopunajat.fi\/blogi\/wp-json\/wp\/v2\/media?parent=77"}],"curies":[{"name":"wp","href":"https:\/\/api.w.org\/{rel}","templated":true}]}}