{"id":6411,"date":"2019-09-18T17:32:04","date_gmt":"2019-09-18T14:32:04","guid":{"rendered":"https:\/\/lopunajat.fi\/blogi\/?page_id=6411"},"modified":"2019-09-18T17:32:39","modified_gmt":"2019-09-18T14:32:39","slug":"13-6-2019-tukholmassa-pidetaan-ruotsalaisiin-arvoihin-pohjaava-eliitin-tapahtuma-jonne-yleiso-tai-toimittajat-eivat-paase-vieraslistalla-greta-thunberg-ja-barack-obama","status":"publish","type":"page","link":"https:\/\/lopunajat.fi\/blogi\/13-6-2019-tukholmassa-pidetaan-ruotsalaisiin-arvoihin-pohjaava-eliitin-tapahtuma-jonne-yleiso-tai-toimittajat-eivat-paase-vieraslistalla-greta-thunberg-ja-barack-obama\/","title":{"rendered":"13.6.2019: Tukholmassa pidet\u00e4\u00e4n \u201druotsalaisiin arvoihin\u201d pohjaava eliitin tapahtuma, jonne yleis\u00f6 tai toimittajat eiv\u00e4t p\u00e4\u00e4se &#8211; vieraslistalla Greta Thunberg ja Barack Obama"},"content":{"rendered":"<p>&#8221;<strong>Yleis\u00f6lt\u00e4 suljetussa konferenssissa eri alojen luovat eliitit verkostoituvat.<\/strong><\/p>\n<p>Tukholmassa on meneill\u00e4\u00e4n luovan eliitin konferenssi, joka on houkutellut Ruotsiin ykk\u00f6srivin kansainv\u00e4lisi\u00e4 vaikuttajia ja julkkiksia.<\/p>\n<p>Vieraslistalla Brilliant Minds -konferenssissa on Aftonbladetin mukaan esimerkiksi Snapchatin perustaja, miljard\u00f6\u00f6ri Evan Spiegel, Oscar-palkittu yhdysvaltalainen n\u00e4yttelij\u00e4 Gwyneth Paltrow, rap-artisti Pharrell Williams ja malli Naomi Campbell.<\/p>\n<p>Mukana ovat my\u00f6s Ruotsin prinsessa Sofia ja prinssi Carl Philip ja ilmastoaktivisti Greta Thunberg.<\/p>\n<p>Tapahtumaa on nimitetty ruotsalaisessa mediassa eritt\u00e4in suljetuksi. Toimittajilla ei ole sinne asiaa.<\/p>\n<p>Yleis\u00f6 ei voi osallistua tapahtumaan. Lippuja ei myyd\u00e4, vaan ainoastaan kutsuvieraat p\u00e4\u00e4sev\u00e4t mukaan, kertoo Aftonbladet. Expressenin mukaan my\u00f6s tapahtuman ohjelma on ollut eritt\u00e4in salainen Obaman vierailun takia.<\/p>\n<p>Puhujalista on julkaistu Expressenin sivuilla.<\/p>\n<p><strong>\u201dLuovan alan Davos\u201d<\/strong><\/p>\n<p>Talouslehti Financial Times on kutsunut konferenssia luovan alan Davokseksi, kertoo Aftonbladet. Davosissa j\u00e4rjestet\u00e4\u00e4n Maailman talousfoorumi, jonne kansainv\u00e4linen talouseliitti kokoontuu ep\u00e4muodollisissa merkeiss\u00e4.<\/p>\n<p>Greta Thunberg puhui my\u00f6s Davosissa tammikuussa.<\/p>\n<p>Ruotsin mediassa tapahtumaa kritisoidaan siit\u00e4, ett\u00e4 \u2019ruotsalaisiin arvoihin\u2019 pohjaava tapahtuma ei ole avoin yleis\u00f6lle.<\/p>\n<p>Tapahtuman sivuilla sanotaan, ett\u00e4 tarkoituksena on yhdist\u00e4\u00e4 \u201druotsalaiset arvot\u201d, kuten avoimuus ja l\u00e4pin\u00e4kyvyys, yhdenvertaisuus, luottamus ja sosiaalinen vastuunkanto yritt\u00e4j\u00e4henkisyyteen.<\/p>\n<p>Tapahtuma j\u00e4rjestettiin ensimm\u00e4isen kerran vuonna 2015 Spotifyn perustaja Daniel Ekin ja edesmenneen muusikko Avicin manageri Ash Pournourin aloitteesta.<\/p>\n<p>Tapahtuma j\u00e4rjestet\u00e4\u00e4n Tukholmassa 13.-15. kes\u00e4kuuta.&#8221;<\/p>\n<p><a href=\"https:\/\/www.iltalehti.fi\/ulkomaat\/a\/80491439-9033-4293-b9eb-b97acde74ccc\" class=\"autohyperlink\" target=\"_blank\">https:\/\/www.iltalehti.fi\/ulkomaat\/a\/80491439-9033-4293-b9eb-b97acde74ccc<\/a><\/p>\n","protected":false},"excerpt":{"rendered":"<p>&#8221;Yleis\u00f6lt\u00e4 suljetussa konferenssissa eri alojen luovat eliitit verkostoituvat. Tukholmassa on meneill\u00e4\u00e4n luovan eliitin konferenssi, joka on houkutellut Ruotsiin ykk\u00f6srivin kansainv\u00e4lisi\u00e4 vaikuttajia ja julkkiksia. Vieraslistalla Brilliant Minds -konferenssissa on Aftonbladetin mukaan esimerkiksi Snapchatin perustaja, miljard\u00f6\u00f6ri Evan Spiegel, Oscar-palkittu yhdysvaltalainen n\u00e4yttelij\u00e4 Gwyneth Paltrow, rap-artisti Pharrell Williams ja malli Naomi Campbell. Mukana ovat my\u00f6s Ruotsin prinsessa Sofia ja [&hellip;]<\/p>\n","protected":false},"author":1,"featured_media":0,"parent":0,"menu_order":0,"comment_status":"closed","ping_status":"closed","template":"","meta":{"footnotes":""},"class_list":["post-6411","page","type-page","status-publish","hentry"],"_links":{"self":[{"href":"https:\/\/lopunajat.fi\/blogi\/wp-json\/wp\/v2\/pages\/6411","targetHints":{"allow":["GET"]}}],"collection":[{"href":"https:\/\/lopunajat.fi\/blogi\/wp-json\/wp\/v2\/pages"}],"about":[{"href":"https:\/\/lopunajat.fi\/blogi\/wp-json\/wp\/v2\/types\/page"}],"author":[{"embeddable":true,"href":"https:\/\/lopunajat.fi\/blogi\/wp-json\/wp\/v2\/users\/1"}],"replies":[{"embeddable":true,"href":"https:\/\/lopunajat.fi\/blogi\/wp-json\/wp\/v2\/comments?post=6411"}],"version-history":[{"count":2,"href":"https:\/\/lopunajat.fi\/blogi\/wp-json\/wp\/v2\/pages\/6411\/revisions"}],"predecessor-version":[{"id":6413,"href":"https:\/\/lopunajat.fi\/blogi\/wp-json\/wp\/v2\/pages\/6411\/revisions\/6413"}],"wp:attachment":[{"href":"https:\/\/lopunajat.fi\/blogi\/wp-json\/wp\/v2\/media?parent=6411"}],"curies":[{"name":"wp","href":"https:\/\/api.w.org\/{rel}","templated":true}]}}