{"id":6341,"date":"2019-03-11T21:49:05","date_gmt":"2019-03-11T19:49:05","guid":{"rendered":"https:\/\/lopunajat.fi\/blogi\/?page_id=6341"},"modified":"2019-03-11T21:51:38","modified_gmt":"2019-03-11T19:51:38","slug":"mullistukset-2019","status":"publish","type":"page","link":"https:\/\/lopunajat.fi\/blogi\/mullistukset-2019\/","title":{"rendered":"MULLISTUKSET 2019"},"content":{"rendered":"\n<h3 class=\"wp-block-heading\">Niin Jeesus rupesi puhumaan heille: \u201dKatsokaa, ettei kukaan teit\u00e4 eksyt\u00e4.<\/h3>\n\n\n\n<h3 class=\"wp-block-heading\">Monta tulee minun nimess\u00e4ni sanoen: \u2019Min\u00e4 se olen\u2019, ja he eksytt\u00e4v\u00e4t monta.<\/h3>\n\n\n\n<h3 class=\"wp-block-heading\">Ja kun te kuulette sotien melskett\u00e4 ja sanomia sodista, \u00e4lk\u00e4\u00e4 pelj\u00e4styk\u00f6. N\u00e4in t\u00e4ytyy tapahtua, mutta se ei ole viel\u00e4 loppu.<\/h3>\n\n\n\n<h3 class=\"wp-block-heading\">Sill\u00e4 kansa nousee kansaa vastaan ja valtakunta valtakuntaa vastaan, tulee maanj\u00e4ristyksi\u00e4 monin paikoin, tulee n\u00e4l\u00e4nh\u00e4t\u00e4\u00e4. T\u00e4m\u00e4 on synnytystuskien alkua.<\/h3>\n\n\n\n<h3 class=\"wp-block-heading\">Markus 13:5-8<\/h3>\n\n\n\n<h3 class=\"wp-block-heading\">P\u00e4ivitetty 11.3.2019<\/h3>\n\n\n\n<p><strong>T\u00e4ll\u00e4 listalla pyrit\u00e4\u00e4n listaamaan my\u00f6s maanj\u00e4ristyksi\u00e4, jotka ovat voimakkuudeltaan v\u00e4hint\u00e4\u00e4n 5.5. Listassa on mukana my\u00f6s niin sanotut j\u00e4lkij\u00e4ritykset, jos magnitudikriteeri t\u00e4yttyy.<br \/><\/strong><\/p>\n\n\n\n<p><strong>Mielenkiintoista, miten v\u00e4h\u00e4n valtamedia n\u00e4ist\u00e4 tiedottaa. Toki sen ymm\u00e4rt\u00e4\u00e4, kun se ei halua totuuden \u2013 sen, ett\u00e4 aika on loppumassa ja ett\u00e4 Raamattu on Jumalan sanaa, tulevan julki.<br \/><\/strong><\/p>\n\n\n\n<p><strong>Huomaa, ett\u00e4 t\u00e4m\u00e4 ei ole mik\u00e4\u00e4n kaiken kattava lista taphtuneista mullistuksista.<\/strong><\/p>\n\n\n\n<h1 class=\"wp-block-heading\">Maanj\u00e4ristys voimakkuus magnitudia: 5.9<\/h1>\n\n\n\n<p>Syvyys: 53.1 km<br \/>Paikka: 58km W of Kandrian, Papua New Guinea<br \/>Aika: Maanantai maaliskuun 11 2019, 16:25:53 UTC<\/p>\n\n\n\n<h1 class=\"wp-block-heading\">Maanj\u00e4ristys voimakkuus magnitudia: 5.8<\/h1>\n\n\n\n<p>Syvyys: 31.2 km<br \/>Paikka: 63km WNW of Kandrian, Papua New Guinea<br \/>Aika: Maanantai maaliskuun 11 2019, 16:25:51 UTC<\/p>\n\n\n\n<h1 class=\"wp-block-heading\">Maanj\u00e4ristys voimakkuus magnitudia: 5.9<\/h1>\n\n\n\n<p>Syvyys: 10 km<br \/>Paikka: Reykjanes Ridge<br \/>Aika: Sunnuntai maaliskuun 10 2019, 18:04:59 UTC<\/p>\n\n\n\n<h1 class=\"wp-block-heading\">Maanj\u00e4ristys voimakkuus magnitudia: 5.5<\/h1>\n\n\n\n<p>Syvyys: 10 km<br \/>Paikka: Reykjanes Ridge<br \/>Aika: Sunnuntai maaliskuun 10 2019, 17:58:44 UTC<\/p>\n\n\n\n<h1 class=\"wp-block-heading\">Maanj\u00e4ristys voimakkuus magnitudia: 5.8<\/h1>\n\n\n\n<p>Syvyys: 14.7 km<br \/>Paikka: 134km E of Iwaki, Japan<br \/>Aika: Sunnuntai maaliskuun 10 2019, 17:10:52 UTC<\/p>\n\n\n\n<h1 class=\"wp-block-heading\">Maanj\u00e4ristys voimakkuus magnitudia: 6.1<\/h1>\n\n\n\n<p>Syvyys: 10 km<br \/>Paikka: 140km SSW of Kulumadau, Papua New Guinea<br \/>Aika: Sunnuntai maaliskuun 10 2019, 12:48:00 UTC<\/p>\n\n\n\n<h1 class=\"wp-block-heading\">Maanj\u00e4ristys voimakkuus magnitudia: 6.2<\/h1>\n\n\n\n<p>Syvyys: 567.4 km<br \/>Paikka: Fiji region<br \/>Aika: Sunnuntai maaliskuun 10 2019, 08:12:25 UTC<\/p>\n\n\n\n<h1 class=\"wp-block-heading\">Maanj\u00e4ristys voimakkuus magnitudia: 6.2<\/h1>\n\n\n\n<p>Syvyys: 567.4 km<br \/>Paikka: 260km SE of Lambasa, Fiji<br \/>Aika: Sunnuntai maaliskuun 10 2019, 08:12:25 UTC<\/p>\n\n\n\n<h1 class=\"wp-block-heading\">Maanj\u00e4ristys voimakkuus magnitudia: 5.5<\/h1>\n\n\n\n<p>Syvyys: 10 km<br \/>Paikka: South Indian Ocean<br \/>Aika: Sunnuntai maaliskuun 10 2019, 06:53:20 UTC<\/p>\n\n\n\n<h1 class=\"wp-block-heading\">Maanj\u00e4ristys voimakkuus magnitudia: 6<\/h1>\n\n\n\n<p>Syvyys: 54.4 km<br \/>Paikka: 40km N of Santa Monica, Philippines<br \/>Aika: Perjantai maaliskuun 8 2019, 15:06:16 UTC<\/p>\n\n\n\n<h1 class=\"wp-block-heading\">Maanj\u00e4ristys voimakkuus magnitudia: 5.7<\/h1>\n\n\n\n<p>Syvyys: 27.4 km<br \/>Paikka: south of the Kermadec Islands<br \/>Aika: Torstai maaliskuun 7 2019, 16:29:10 UTC<\/p>\n\n\n\n<h1 class=\"wp-block-heading\">Maanj\u00e4ristys voimakkuus magnitudia: 5.7<\/h1>\n\n\n\n<p>Syvyys: 10 km<br \/>Paikka: 138km WNW of Coquimbo, Chile<br \/>Aika: Torstai maaliskuun 7 2019, 15:34:27 UTC<\/p>\n\n\n\n<h1 class=\"wp-block-heading\">Maanj\u00e4ristys voimakkuus magnitudia: 5.6<\/h1>\n\n\n\n<p>Syvyys: 132.4 km<br \/>Paikka: 9km NE of Ambunti, Papua New Guinea<br \/>Aika: Keskiviikko maaliskuun 6 2019, 18:47:25 UTC<\/p>\n\n\n\n<h1 class=\"wp-block-heading\">Maanj\u00e4ristys voimakkuus magnitudia: 5.6<\/h1>\n\n\n\n<p>Syvyys: 129.1 km<br \/>Paikka: 15km NNE of Ambunti, Papua New Guinea<br \/>Aika: Keskiviikko maaliskuun 6 2019, 18:47:25 UTC<\/p>\n\n\n\n<h1 class=\"wp-block-heading\">Maanj\u00e4ristys voimakkuus magnitudia: 5.6<\/h1>\n\n\n\n<p>Syvyys: 10 km<br \/>Paikka: West Chile Rise<br \/>Aika: Keskiviikko maaliskuun 6 2019, 07:20:45 UTC<\/p>\n\n\n\n<h1 class=\"wp-block-heading\">Maanj\u00e4ristys voimakkuus magnitudia: 5.8<\/h1>\n\n\n\n<p>Syvyys: 10 km<br \/>Paikka: Bouvet Island region<br \/>Aika: Keskiviikko maaliskuun 6 2019, 05:11:02 UTC<\/p>\n\n\n\n<h1 class=\"wp-block-heading\">Maanj\u00e4ristys voimakkuus magnitudia: 5.7<\/h1>\n\n\n\n<p>Syvyys: 17.9 km<br \/>Paikka: 69km ENE of Hinatuan, Philippines<br \/>Aika: Keskiviikko maaliskuun 6 2019, 00:13:01 UTC<\/p>\n\n\n\n<h1 class=\"wp-block-heading\">Maanj\u00e4ristys voimakkuus magnitudia: 5.9<\/h1>\n\n\n\n<p>Syvyys: 10 km<br \/>Paikka: 43km E of Madang, Papua New Guinea<br \/>Aika: Maanantai maaliskuun 4 2019, 10:06:01 UTC<\/p>\n\n\n\n<h1 class=\"wp-block-heading\">Maanj\u00e4ristys voimakkuus magnitudia: 5.5<\/h1>\n\n\n\n<p>Syvyys: 10.9 km<br \/>Paikka: 94km W of San Antonio, Chile<br \/>Aika: Lauantai maaliskuun 2 2019, 20:21:51 UTC<\/p>\n\n\n\n<h1 class=\"wp-block-heading\">Maanj\u00e4ristys voimakkuus magnitudia: 5.6<\/h1>\n\n\n\n<p>Syvyys: 14.8 km<br \/>Paikka: 21km NW of Davila, Philippines<br \/>Aika: Lauantai maaliskuun 2 2019, 19:46:20 UTC<\/p>\n\n\n\n<h1 class=\"wp-block-heading\">Maanj\u00e4ristys voimakkuus magnitudia: 6<\/h1>\n\n\n\n<p>Syvyys: 10 km<br \/>Paikka: 191km SE of Nemuro, Japan<br \/>Aika: Lauantai maaliskuun 2 2019, 03:22:52 UTC<\/p>\n\n\n\n<h1 class=\"wp-block-heading\">Maanj\u00e4ristys voimakkuus magnitudia: 7.1<\/h1>\n\n\n\n<p>Syvyys: 258 km<br \/>Paikka: 9km WNW of Azangaro, Peru<br \/>Aika: Perjantai maaliskuun 1 2019, 08:50:42 UTC<\/p>\n\n\n\n<h1 class=\"wp-block-heading\">Maanj\u00e4ristys voimakkuus magnitudia: 7<\/h1>\n\n\n\n<p>Syvyys: 257.4 km<br \/>Paikka: 27km NNE of Azangaro, Peru<br \/>Aika: Perjantai maaliskuun 1 2019, 08:50:41 UTC<\/p>\n\n\n\n<h1 class=\"wp-block-heading\">Maanj\u00e4ristys voimakkuus magnitudia: 5.8<\/h1>\n\n\n\n<p>Syvyys: 10 km<br \/>Paikka: 125km NNE of Macquarie Island, Australia<br \/>Aika: Perjantai maaliskuun 1 2019, 01:02:12 UTC<\/p>\n\n\n\n<h1 class=\"wp-block-heading\">Maanj\u00e4ristys voimakkuus magnitudia: 5.5<\/h1>\n\n\n\n<p>Syvyys: 566.1 km<br \/>Paikka: 37km SSE of Suncho Corral, Argentina<br \/>Aika: Perjantai maaliskuun 1 2019, 00:13:28 UTC<\/p>\n\n\n\n<h1 class=\"wp-block-heading\">Maanj\u00e4ristys voimakkuus magnitudia: 5.5<\/h1>\n\n\n\n<p>Syvyys: 559 km<br \/>Paikka: 42km WNW of Anatuya, Argentina<br \/>Aika: Perjantai maaliskuun 1 2019, 00:13:27 UTC<\/p>\n\n\n\n<h1 class=\"wp-block-heading\">Maanj\u00e4ristys voimakkuus magnitudia: 5.6<\/h1>\n\n\n\n<p>Syvyys: 10 km<br \/>Paikka: Central Mid-Atlantic Ridge<br \/>Aika: Maanantai helmikuun 25 2019, 15:05:33 UTC<\/p>\n\n\n\n<h1 class=\"wp-block-heading\">Maanj\u00e4ristys voimakkuus magnitudia: 5.5<\/h1>\n\n\n\n<p>Syvyys: 10 km<br \/>Paikka: Central Mid-Atlantic Ridge<br \/>Aika: Maanantai helmikuun 25 2019, 15:05:32 UTC<\/p>\n\n\n\n<h1 class=\"wp-block-heading\">Maanj\u00e4ristys voimakkuus magnitudia: 5.5<\/h1>\n\n\n\n<p>Syvyys: 10 km<br \/>Paikka: Macquarie Island region<br \/>Aika: Sunnuntai helmikuun 24 2019, 06:00:32 UTC<\/p>\n\n\n\n<h1 class=\"wp-block-heading\">Maanj\u00e4ristys voimakkuus magnitudia: 5.5<\/h1>\n\n\n\n<p>Syvyys: 10 km<br \/>Paikka: Southern Mid-Atlantic Ridge<br \/>Aika: Perjantai helmikuun 22 2019, 21:15:58 UTC<\/p>\n\n\n\n<h1 class=\"wp-block-heading\">Maanj\u00e4ristys voimakkuus magnitudia: 5.5<\/h1>\n\n\n\n<p>Syvyys: 82.1 km<br \/>Paikka: 15km SE of Duran, Ecuador<br \/>Aika: Perjantai helmikuun 22 2019, 10:40:41 UTC<\/p>\n\n\n\n<h1 class=\"wp-block-heading\">Maanj\u00e4ristys voimakkuus magnitudia: 7.7<\/h1>\n\n\n\n<p>Syvyys: 152 km<br \/>Paikka: 132km ESE of Palora, Ecuador<br \/>Aika: Perjantai helmikuun 22 2019, 10:17:24 UTC<\/p>\n\n\n\n<h1 class=\"wp-block-heading\">Maanj\u00e4ristys voimakkuus magnitudia: 7.5<\/h1>\n\n\n\n<p>Syvyys: 132.4 km<br \/>Paikka: 115km ESE of Palora, Ecuador<br \/>Aika: Perjantai helmikuun 22 2019, 10:17:22 UTC<\/p>\n\n\n\n<h1 class=\"wp-block-heading\">Maanj\u00e4ristys voimakkuus magnitudia: 5.5<\/h1>\n\n\n\n<p>Syvyys: 41.2 km<br \/>Paikka: 24km E of Chitose, Japan<br \/>Aika: Torstai helmikuun 21 2019, 12:22:41 UTC<\/p>\n\n\n\n<h1 class=\"wp-block-heading\">Maanj\u00e4ristys voimakkuus magnitudia: 5.6<\/h1>\n\n\n\n<p>Syvyys: 616.5 km<br \/>Paikka: 26km SSW of Ndoi Island, Fiji<br \/>Aika: Torstai helmikuun 21 2019, 06:34:39 UTC<\/p>\n\n\n\n<h1 class=\"wp-block-heading\">Maanj\u00e4ristys voimakkuus magnitudia: 5.6<\/h1>\n\n\n\n<p>Syvyys: 36.4 km<br \/>Paikka: 131km W of Kota Ternate, Indonesia<br \/>Aika: Keskiviikko helmikuun 20 2019, 00:10:39 UTC<\/p>\n\n\n\n<h1 class=\"wp-block-heading\">Maanj\u00e4ristys voimakkuus magnitudia: 5.6<\/h1>\n\n\n\n<p>Syvyys: 27.9 km<br \/>Paikka: 135km S of Krajan Tambakrejo, Indonesia<br \/>Aika: Maanantai helmikuun 18 2019, 19:30:23 UTC<\/p>\n\n\n\n<h1 class=\"wp-block-heading\">Maanj\u00e4ristys voimakkuus magnitudia: 5.6<\/h1>\n\n\n\n<p>Syvyys: 21.6 km<br \/>Paikka: 123km S of Krajan Tambakrejo, Indonesia<br \/>Aika: Maanantai helmikuun 18 2019, 19:30:22 UTC<\/p>\n\n\n\n<h1 class=\"wp-block-heading\">Maanj\u00e4ristys voimakkuus magnitudia: 6.4<\/h1>\n\n\n\n<p>Syvyys: 367.9 km<br \/>Paikka: 47km NW of Namatanai, Papua New Guinea<br \/>Aika: Sunnuntai helmikuun 17 2019, 14:35:56 UTC<\/p>\n\n\n\n<h1 class=\"wp-block-heading\">Maanj\u00e4ristys voimakkuus magnitudia: 6.1<\/h1>\n\n\n\n<p>Syvyys: 10 km<br \/>Paikka: Northern Mid-Atlantic Ridge<br \/>Aika: Torstai helmikuun 14 2019, 19:57:05 UTC<\/p>\n\n\n\n<h1 class=\"wp-block-heading\">Maanj\u00e4ristys voimakkuus magnitudia: 5.9<\/h1>\n\n\n\n<p>Syvyys: 130 km<br \/>Paikka: 35km NNE of Agrihan, Northern Mariana Islands<br \/>Aika: Tiistai helmikuun 12 2019, 12:34:15 UTC<\/p>\n\n\n\n<h1 class=\"wp-block-heading\">Maanj\u00e4ristys voimakkuus magnitudia: 5.9<\/h1>\n\n\n\n<p>Syvyys: 24.7 km<br \/>Paikka: 41km E of General Luna, Philippines<br \/>Aika: Perjantai helmikuun 8 2019, 11:55:08 UTC<\/p>\n\n\n\n<h1 class=\"wp-block-heading\">Maanj\u00e4ristys voimakkuus magnitudia: 5.7<\/h1>\n\n\n\n<p>Syvyys: 35 km<br \/>Paikka: 129km NW of Kota Ternate, Indonesia<br \/>Aika: Torstai helmikuun 7 2019, 04:15:29 UTC<\/p>\n\n\n\n<h1 class=\"wp-block-heading\">Maanj\u00e4ristys voimakkuus magnitudia: 5.5<\/h1>\n\n\n\n<p>Syvyys: 65.9 km<br \/>Paikka: 43km NE of Auki, Solomon Islands<br \/>Aika: Torstai helmikuun 7 2019, 01:41:34 UTC<\/p>\n\n\n\n<h1 class=\"wp-block-heading\">Maanj\u00e4ristys voimakkuus magnitudia: 5.6<\/h1>\n\n\n\n<p>Syvyys: 17.1 km<br \/>Paikka: 131km NW of Sikabaluan, Indonesia<br \/>Aika: Maanantai helmikuun 4 2019, 19:29:53 UTC<\/p>\n\n\n\n<h1 class=\"wp-block-heading\">Maanj\u00e4ristys voimakkuus magnitudia: 5.7<\/h1>\n\n\n\n<p>Syvyys: 9.9 km<br \/>Paikka: 131km WNW of Sikabaluan, Indonesia<br \/>Aika: Maanantai helmikuun 4 2019, 19:29:52 UTC<\/p>\n\n\n\n<h1 class=\"wp-block-heading\">Maanj\u00e4ristys voimakkuus magnitudia: 5.8<\/h1>\n\n\n\n<p>Syvyys: 70 km<br \/>Paikka: 27km S of Duran, Ecuador<br \/>Aika: Maanantai helmikuun 4 2019, 17:45:47 UTC<\/p>\n\n\n\n<h1 class=\"wp-block-heading\">Maanj\u00e4ristys voimakkuus magnitudia: 5.7<\/h1>\n\n\n\n<p>Syvyys: 63.6 km<br \/>Paikka: 26km S of Duran, Ecuador<br \/>Aika: Maanantai helmikuun 4 2019, 17:45:47 UTC<\/p>\n\n\n\n<h1 class=\"wp-block-heading\">Maanj\u00e4ristys voimakkuus magnitudia: 5.5<\/h1>\n\n\n\n<p>Syvyys: 16.7 km<br \/>Paikka: West Chile Rise<br \/>Aika: Lauantai helmikuun 2 2019, 17:55:40 UTC<\/p>\n\n\n\n<h1 class=\"wp-block-heading\">Maanj\u00e4ristys voimakkuus magnitudia: 5.6<\/h1>\n\n\n\n<p>Syvyys: 211.1 km<br \/>Paikka: 42km SSW of Jarm, Afghanistan<br \/>Aika: Lauantai helmikuun 2 2019, 12:04:34 UTC<\/p>\n\n\n\n<h1 class=\"wp-block-heading\">Maanj\u00e4ristys voimakkuus magnitudia: 5.9<\/h1>\n\n\n\n<p>Syvyys: 10 km<br \/>Paikka: 135km WSW of Sungaipenuh, Indonesia<br \/>Aika: Lauantai helmikuun 2 2019, 11:01:39 UTC<\/p>\n\n\n\n<h1 class=\"wp-block-heading\">Maanj\u00e4ristys voimakkuus magnitudia: 5.9<\/h1>\n\n\n\n<p>Syvyys: 10 km<br \/>Paikka: 168km WSW of Sungaipenuh, Indonesia<br \/>Aika: Lauantai helmikuun 2 2019, 10:59:29 UTC<\/p>\n\n\n\n<h1 class=\"wp-block-heading\">Maanj\u00e4ristys voimakkuus magnitudia: 6.1<\/h1>\n\n\n\n<p>Syvyys: 10 km<br \/>Paikka: 166km SSE of Muara Siberut, Indonesia<br \/>Aika: Lauantai helmikuun 2 2019, 09:27:34 UTC<\/p>\n\n\n\n<h1 class=\"wp-block-heading\">Maanj\u00e4ristys voimakkuus magnitudia: 6.5<\/h1>\n\n\n\n<p>Syvyys: 87 km<br \/>Paikka: 9km NNE of Puerto Madero, Mexico<br \/>Aika: Perjantai helmikuun 1 2019, 16:14:13 UTC<\/p>\n\n\n\n<h1 class=\"wp-block-heading\">Maanj\u00e4ristys voimakkuus magnitudia: 6.6<\/h1>\n\n\n\n<p>Syvyys: 67.9 km<br \/>Paikka: 14km ENE of Puerto Madero, Mexico<br \/>Aika: Perjantai helmikuun 1 2019, 16:14:13 UTC<\/p>\n\n\n\n<h1 class=\"wp-block-heading\">Maanj\u00e4ristys voimakkuus magnitudia: 5.5<\/h1>\n\n\n\n<p>Syvyys: 507.9 km<br \/>Paikka: South of the Fiji Islands<br \/>Aika: Torstai tammikuun 31 2019, 14:33:57 UTC<\/p>\n\n\n\n<h1 class=\"wp-block-heading\">Maanj\u00e4ristys voimakkuus magnitudia: 5.9<\/h1>\n\n\n\n<p>Syvyys: 10 km<br \/>Paikka: Central East Pacific Rise<br \/>Aika: Keskiviikko tammikuun 30 2019, 15:31:34 UTC<\/p>\n\n\n\n<h1 class=\"wp-block-heading\">Maanj\u00e4ristys voimakkuus magnitudia: 5.6<\/h1>\n\n\n\n<p>Syvyys: 38.6 km<br \/>Paikka: 63km SSW of Taltal, Chile<br \/>Aika: Keskiviikko tammikuun 30 2019, 07:44:44 UTC<\/p>\n\n\n\n<h1 class=\"wp-block-heading\">Maanj\u00e4ristys voimakkuus magnitudia: 5.5<\/h1>\n\n\n\n<p>Syvyys: 109.3 km<br \/>Paikka: 27km SSW of Orcopampa, Peru<br \/>Aika: Tiistai tammikuun 29 2019, 23:35:00 UTC<\/p>\n\n\n\n<h1 class=\"wp-block-heading\">Maanj\u00e4ristys voimakkuus magnitudia: 5.5<\/h1>\n\n\n\n<p>Syvyys: 14.9 km<br \/>Paikka: 12km SSW of Planadas, Colombia<br \/>Aika: Maanantai tammikuun 28 2019, 21:07:10 UTC<\/p>\n\n\n\n<h1 class=\"wp-block-heading\">Maanj\u00e4ristys voimakkuus magnitudia: 5.5<\/h1>\n\n\n\n<p>Syvyys: 614.4 km<br \/>Paikka: 223km SE of Lambasa, Fiji<br \/>Aika: Maanantai tammikuun 28 2019, 16:00:16 UTC<\/p>\n\n\n\n<h1 class=\"wp-block-heading\">Maanj\u00e4ristys voimakkuus magnitudia: 5.5<\/h1>\n\n\n\n<p>Syvyys: 620.7 km<br \/>Paikka: 226km SE of Lambasa, Fiji<br \/>Aika: Maanantai tammikuun 28 2019, 16:00:16 UTC<\/p>\n\n\n\n<h1 class=\"wp-block-heading\">Maanj\u00e4ristys voimakkuus magnitudia: 5.5<\/h1>\n\n\n\n<p>Syvyys: 609.7 km<br \/>Paikka: 219km SE of Lambasa, Fiji<br \/>Aika: Maanantai tammikuun 28 2019, 16:00:15 UTC<\/p>\n\n\n\n<h1 class=\"wp-block-heading\">Maanj\u00e4ristys voimakkuus magnitudia: 5.8<\/h1>\n\n\n\n<p>Syvyys: 549.9 km<br \/>Paikka: 110km ENE of Ndoi Island, Fiji<br \/>Aika: Sunnuntai tammikuun 27 2019, 10:16:27 UTC<\/p>\n\n\n\n<h1 class=\"wp-block-heading\">Maanj\u00e4ristys voimakkuus magnitudia: 6.2<\/h1>\n\n\n\n<p>Syvyys: 579.1 km<br \/>Paikka: 56km SSW of Ndoi Island, Fiji<br \/>Aika: Lauantai tammikuun 26 2019, 19:56:42 UTC<\/p>\n\n\n\n<h1 class=\"wp-block-heading\">Maanj\u00e4ristys voimakkuus magnitudia: 5.6<\/h1>\n\n\n\n<p>Syvyys: 10 km<br \/>Paikka: 13km WNW of Santa Maria, Colombia<br \/>Aika: Lauantai tammikuun 26 2019, 12:32:27 UTC<\/p>\n\n\n\n<h1 class=\"wp-block-heading\">Maanj\u00e4ristys voimakkuus magnitudia: 5.5<\/h1>\n\n\n\n<p>Syvyys: 36.9 km<br \/>Paikka: 61km ESE of Hachinohe, Japan<br \/>Aika: Lauantai tammikuun 26 2019, 08:23:02 UTC<\/p>\n\n\n\n<h1 class=\"wp-block-heading\">Maanj\u00e4ristys voimakkuus magnitudia: 5.8<\/h1>\n\n\n\n<p>Syvyys: 10 km<br \/>Paikka: 58km WNW of Dobo, Indonesia<br \/>Aika: Lauantai tammikuun 26 2019, 08:12:48 UTC<\/p>\n\n\n\n<h1 class=\"wp-block-heading\">Maanj\u00e4ristys voimakkuus magnitudia: 6.2<\/h1>\n\n\n\n<p>Syvyys: 357.8 km<br \/>Paikka: 50km SW of Chirovanga, Solomon Islands<br \/>Aika: Lauantai tammikuun 26 2019, 03:51:38 UTC<\/p>\n\n\n\n<h1 class=\"wp-block-heading\">Maanj\u00e4ristys voimakkuus magnitudia: 5.7<\/h1>\n\n\n\n<p>Syvyys: 52.3 km<br \/>Paikka: 21km SE of Lata, Solomon Islands<br \/>Aika: Lauantai tammikuun 26 2019, 02:07:23 UTC<\/p>\n\n\n\n<h1 class=\"wp-block-heading\">Maanj\u00e4ristys voimakkuus magnitudia: 5.6<\/h1>\n\n\n\n<p>Syvyys: 57.5 km<br \/>Paikka: 19km W of Rio Grande, Peru<br \/>Aika: Perjantai tammikuun 25 2019, 04:45:21 UTC<\/p>\n\n\n\n<h1 class=\"wp-block-heading\">Maanj\u00e4ristys voimakkuus magnitudia: 5.5<\/h1>\n\n\n\n<p>Syvyys: 23 km<br \/>Paikka: 70km N of Claveria, Philippines<br \/>Aika: Torstai tammikuun 24 2019, 08:34:53 UTC<\/p>\n\n\n\n<h1 class=\"wp-block-heading\">Maanj\u00e4ristys voimakkuus magnitudia: 5.5<\/h1>\n\n\n\n<p>Syvyys: 10 km<br \/>Paikka: 97km NNE of Hihifo, Tonga<br \/>Aika: Torstai tammikuun 24 2019, 00:52:38 UTC<\/p>\n\n\n\n<h1 class=\"wp-block-heading\">Maanj\u00e4ristys voimakkuus magnitudia: 5.5<\/h1>\n\n\n\n<p>Syvyys: 15.3 km<br \/>Paikka: 70km SSW of Kahale, Indonesia<br \/>Aika: Keskiviikko tammikuun 23 2019, 11:39:01 UTC<\/p>\n\n\n\n<h1 class=\"wp-block-heading\">Maanj\u00e4ristys voimakkuus magnitudia: 6.7<\/h1>\n\n\n\n<p>Syvyys: 10 km<br \/>Paikka: Prince Edward Islands region<br \/>Aika: Tiistai tammikuun 22 2019, 19:01:43 UTC<\/p>\n\n\n\n<h1 class=\"wp-block-heading\">Maanj\u00e4ristys voimakkuus magnitudia: 6.4<\/h1>\n\n\n\n<p>Syvyys: 27 km<br \/>Paikka: 85km SSW of Bogorawatu, Indonesia<br \/>Aika: Tiistai tammikuun 22 2019, 05:10:03 UTC<\/p>\n\n\n\n<h1 class=\"wp-block-heading\">Maanj\u00e4ristys voimakkuus magnitudia: 5.7<\/h1>\n\n\n\n<p>Syvyys: 112.9 km<br \/>Paikka: 77km ESE of King Salmon, Alaska<br \/>Aika: Tiistai tammikuun 22 2019, 04:43:19 UTC<\/p>\n\n\n\n<h1 class=\"wp-block-heading\">Maanj\u00e4ristys voimakkuus magnitudia: 6<\/h1>\n\n\n\n<p>Syvyys: 24.7 km<br \/>Paikka: 73km SSW of Bogorawatu, Indonesia<br \/>Aika: Maanantai tammikuun 21 2019, 23:59:23 UTC<\/p>\n\n\n\n<h1 class=\"wp-block-heading\">Maanj\u00e4ristys voimakkuus magnitudia: 6<\/h1>\n\n\n\n<p>Syvyys: 16.8 km<br \/>Paikka: 65km SSW of Bogorawatu, Indonesia<br \/>Aika: Maanantai tammikuun 21 2019, 23:59:22 UTC<\/p>\n\n\n\n<h1 class=\"wp-block-heading\">Maanj\u00e4ristys voimakkuus magnitudia: 5.8<\/h1>\n\n\n\n<p>Syvyys: 10 km<br \/>Paikka: 73km S of San Francisco del Mar, Mexico<br \/>Aika: Maanantai tammikuun 21 2019, 11:57:17 UTC<\/p>\n\n\n\n<h1 class=\"wp-block-heading\">Maanj\u00e4ristys voimakkuus magnitudia: 5.7<\/h1>\n\n\n\n<p>Syvyys: 10 km<br \/>Paikka: 132km ESE of Tadine, New Caledonia<br \/>Aika: Maanantai tammikuun 21 2019, 01:36:36 UTC<\/p>\n\n\n\n<h1 class=\"wp-block-heading\">Maanj\u00e4ristys voimakkuus magnitudia: 5.5<\/h1>\n\n\n\n<p>Syvyys: 10 km<br \/>Paikka: 124km ESE of Tadine, New Caledonia<br \/>Aika: Maanantai tammikuun 21 2019, 00:35:45 UTC<\/p>\n\n\n\n<h1 class=\"wp-block-heading\">Maanj\u00e4ristys voimakkuus magnitudia: 5.5<\/h1>\n\n\n\n<p>Syvyys: 10 km<br \/>Paikka: 123km ESE of Tadine, New Caledonia<br \/>Aika: Maanantai tammikuun 21 2019, 00:35:45 UTC<\/p>\n\n\n\n<h1 class=\"wp-block-heading\">Maanj\u00e4ristys voimakkuus magnitudia: 6.7<\/h1>\n\n\n\n<p>Syvyys: 53 km<br \/>Paikka: 15km SSW of Coquimbo, Chile<br \/>Aika: Sunnuntai tammikuun 20 2019, 01:32:51 UTC<\/p>\n\n\n\n<h1 class=\"wp-block-heading\">Maanj\u00e4ristys voimakkuus magnitudia: 6.8<\/h1>\n\n\n\n<p>Syvyys: 54 km<br \/>Paikka: 29km WSW of Coquimbo, Chile<br \/>Aika: Sunnuntai tammikuun 20 2019, 01:32:49 UTC<\/p>\n\n\n\n<h1 class=\"wp-block-heading\">Maanj\u00e4ristys voimakkuus magnitudia: 5.6<\/h1>\n\n\n\n<p>Syvyys: 99 km<br \/>Paikka: 169km N of Barranca, Peru<br \/>Aika: Perjantai tammikuun 18 2019, 21:26:59 UTC<\/p>\n\n\n\n<h1 class=\"wp-block-heading\">Maanj\u00e4ristys voimakkuus magnitudia: 6<\/h1>\n\n\n\n<p>Syvyys: 10 km<br \/>Paikka: Northern East Pacific Rise<br \/>Aika: Perjantai tammikuun 18 2019, 16:40:42 UTC<\/p>\n\n\n\n<h1 class=\"wp-block-heading\">Maanj\u00e4ristys voimakkuus magnitudia: 6<\/h1>\n\n\n\n<p>Syvyys: 45.1 km<br \/>Paikka: 76km WNW of Isangel, Vanuatu<br \/>Aika: Perjantai tammikuun 18 2019, 13:18:32 UTC<\/p>\n\n\n\n<h1 class=\"wp-block-heading\">Maanj\u00e4ristys voimakkuus magnitudia: 5.6<\/h1>\n\n\n\n<p>Syvyys: 10 km<br \/>Paikka: 161km SSW of Lorengau, Papua New Guinea<br \/>Aika: Torstai tammikuun 17 2019, 16:53:15 UTC<\/p>\n\n\n\n<h1 class=\"wp-block-heading\">Maanj\u00e4ristys voimakkuus magnitudia: 6.1<\/h1>\n\n\n\n<p>Syvyys: 10 km<br \/>Paikka: 177km SW of Lorengau, Papua New Guinea<br \/>Aika: Torstai tammikuun 17 2019, 15:06:35 UTC<\/p>\n\n\n\n<h1 class=\"wp-block-heading\">Maanj\u00e4ristys voimakkuus magnitudia: 5.7<\/h1>\n\n\n\n<p>Syvyys: 69.6 km<br \/>Paikka: 99km ESE of Pondaguitan, Philippines<br \/>Aika: Tiistai tammikuun 15 2019, 20:03:20 UTC<\/p>\n\n\n\n<h1 class=\"wp-block-heading\">Maanj\u00e4ristys voimakkuus magnitudia: 6.8<\/h1>\n\n\n\n<p>Syvyys: 10 km<br \/>Paikka: 114km WNW of Sola, Vanuatu<br \/>Aika: Tiistai tammikuun 15 2019, 18:06:38 UTC<\/p>\n\n\n\n<h1 class=\"wp-block-heading\">Maanj\u00e4ristys voimakkuus magnitudia: 6.6<\/h1>\n\n\n\n<p>Syvyys: 46.9 km<br \/>Paikka: 105km WNW of Sola, Vanuatu<br \/>Aika: Tiistai tammikuun 15 2019, 18:06:36 UTC<\/p>\n\n\n\n<h1 class=\"wp-block-heading\">Maanj\u00e4ristys voimakkuus magnitudia: 5.8<\/h1>\n\n\n\n<p>Syvyys: 10 km<br \/>Paikka: South of Tonga<br \/>Aika: Torstai tammikuun 10 2019, 17:00:37 UTC<\/p>\n\n\n\n<h1 class=\"wp-block-heading\">Maanj\u00e4ristys voimakkuus magnitudia: 6.3<\/h1>\n\n\n\n<p>Syvyys: 35 km<br \/>Paikka: 16km SSE of Nishinoomote, Japan<br \/>Aika: Tiistai tammikuun 8 2019, 12:39:31 UTC<\/p>\n\n\n\n<h1 class=\"wp-block-heading\">Maanj\u00e4ristys voimakkuus magnitudia: 5.5<\/h1>\n\n\n\n<p>Syvyys: 45.9 km<br \/>Paikka: 155km WNW of Tobelo, Indonesia<br \/>Aika: Maanantai tammikuun 7 2019, 14:11:52 UTC<\/p>\n\n\n\n<h1 class=\"wp-block-heading\">Maanj\u00e4ristys voimakkuus magnitudia: 5.5<\/h1>\n\n\n\n<p>Syvyys: 35 km<br \/>Paikka: 29km NW of Siocon, Philippines<br \/>Aika: Maanantai tammikuun 7 2019, 03:11:55 UTC<\/p>\n\n\n\n<h1 class=\"wp-block-heading\">Maanj\u00e4ristys voimakkuus magnitudia: 7<\/h1>\n\n\n\n<p>Syvyys: 10 km<br \/>Paikka: 154km WNW of Tobelo, Indonesia<br \/>Aika: Sunnuntai tammikuun 6 2019, 17:27:22 UTC<\/p>\n\n\n\n<h1 class=\"wp-block-heading\">Maanj\u00e4ristys voimakkuus magnitudia: 6.6<\/h1>\n\n\n\n<p>Syvyys: 60.5 km<br \/>Paikka: 151km WNW of Tobelo, Indonesia<br \/>Aika: Sunnuntai tammikuun 6 2019, 17:27:20 UTC<\/p>\n\n\n\n<h1 class=\"wp-block-heading\">Maanj\u00e4ristys voimakkuus magnitudia: 6.6<\/h1>\n\n\n\n<p>Syvyys: 60 km<br \/>Paikka: 151km WNW of Tobelo, Indonesia<br \/>Aika: Sunnuntai tammikuun 6 2019, 17:27:20 UTC<\/p>\n\n\n\n<h1 class=\"wp-block-heading\">Maanj\u00e4ristys voimakkuus magnitudia: 5.8<\/h1>\n\n\n\n<p>Syvyys: 25.1 km<br \/>Paikka: 40km SSW of Sarpol-e Zahab, Iran<br \/>Aika: Sunnuntai tammikuun 6 2019, 13:42:01 UTC<\/p>\n\n\n\n<h1 class=\"wp-block-heading\">Maanj\u00e4ristys voimakkuus magnitudia: 5.5<\/h1>\n\n\n\n<p>Syvyys: 8.9 km<br \/>Paikka: 41km SSW of Sarpol-e Zahab, Iran<br \/>Aika: Sunnuntai tammikuun 6 2019, 13:41:58 UTC<\/p>\n\n\n\n<h1 class=\"wp-block-heading\">Maanj\u00e4ristys voimakkuus magnitudia: 5.6<\/h1>\n\n\n\n<p>Syvyys: 14 km<br \/>Paikka: 41km SSW of Sarpol-e Zahab, Iran<br \/>Aika: Sunnuntai tammikuun 6 2019, 13:41:58 UTC<\/p>\n\n\n\n<h1 class=\"wp-block-heading\">Maanj\u00e4ristys voimakkuus magnitudia: 5.8<\/h1>\n\n\n\n<p>Syvyys: 8.3 km<br \/>Paikka: 274km ESE of Chichi-shima, Japan<br \/>Aika: Lauantai tammikuun 5 2019, 22:54:13 UTC<\/p>\n\n\n\n<h1 class=\"wp-block-heading\">Maanj\u00e4ristys voimakkuus magnitudia: 6.8<\/h1>\n\n\n\n<p>Syvyys: 575.3 km<br \/>Paikka: 89km W of Tarauaca, Brazil<br \/>Aika: Lauantai tammikuun 5 2019, 19:25:38 UTC<\/p>\n\n\n\n<h1 class=\"wp-block-heading\">Maanj\u00e4ristys voimakkuus magnitudia: 6<\/h1>\n\n\n\n<p>Syvyys: 35 km<br \/>Paikka: 68km ESE of Amatignak Island, Alaska<br \/>Aika: Lauantai tammikuun 5 2019, 18:47:11 UTC<\/p>\n\n\n\n<h1 class=\"wp-block-heading\">Maanj\u00e4ristys voimakkuus magnitudia: 6.1<\/h1>\n\n\n\n<p>Syvyys: 19.1 km<br \/>Paikka: 54km SSW of Tanaga Volcano, Alaska<br \/>Aika: Lauantai tammikuun 5 2019, 18:47:10 UTC<\/p>\n\n\n\n<h1 class=\"wp-block-heading\">Maanj\u00e4ristys voimakkuus magnitudia: 5.6<\/h1>\n\n\n\n<p>Syvyys: 117.7 km<br \/>Paikka: 189km NNW of Saumlaki, Indonesia<br \/>Aika: Perjantai tammikuun 4 2019, 06:22:44 UTC<\/p>\n\n\n\n<p><\/p>\n","protected":false},"excerpt":{"rendered":"<p>Niin Jeesus rupesi puhumaan heille: \u201dKatsokaa, ettei kukaan teit\u00e4 eksyt\u00e4. Monta tulee minun nimess\u00e4ni sanoen: \u2019Min\u00e4 se olen\u2019, ja he eksytt\u00e4v\u00e4t monta. Ja kun te kuulette sotien melskett\u00e4 ja sanomia sodista, \u00e4lk\u00e4\u00e4 pelj\u00e4styk\u00f6. N\u00e4in t\u00e4ytyy tapahtua, mutta se ei ole viel\u00e4 loppu. Sill\u00e4 kansa nousee kansaa vastaan ja valtakunta valtakuntaa vastaan, tulee maanj\u00e4ristyksi\u00e4 monin paikoin, [&hellip;]<\/p>\n","protected":false},"author":1,"featured_media":0,"parent":0,"menu_order":0,"comment_status":"closed","ping_status":"closed","template":"","meta":{"footnotes":""},"class_list":["post-6341","page","type-page","status-publish","hentry"],"_links":{"self":[{"href":"https:\/\/lopunajat.fi\/blogi\/wp-json\/wp\/v2\/pages\/6341","targetHints":{"allow":["GET"]}}],"collection":[{"href":"https:\/\/lopunajat.fi\/blogi\/wp-json\/wp\/v2\/pages"}],"about":[{"href":"https:\/\/lopunajat.fi\/blogi\/wp-json\/wp\/v2\/types\/page"}],"author":[{"embeddable":true,"href":"https:\/\/lopunajat.fi\/blogi\/wp-json\/wp\/v2\/users\/1"}],"replies":[{"embeddable":true,"href":"https:\/\/lopunajat.fi\/blogi\/wp-json\/wp\/v2\/comments?post=6341"}],"version-history":[{"count":2,"href":"https:\/\/lopunajat.fi\/blogi\/wp-json\/wp\/v2\/pages\/6341\/revisions"}],"predecessor-version":[{"id":6343,"href":"https:\/\/lopunajat.fi\/blogi\/wp-json\/wp\/v2\/pages\/6341\/revisions\/6343"}],"wp:attachment":[{"href":"https:\/\/lopunajat.fi\/blogi\/wp-json\/wp\/v2\/media?parent=6341"}],"curies":[{"name":"wp","href":"https:\/\/api.w.org\/{rel}","templated":true}]}}