{"id":5850,"date":"2017-10-13T22:19:57","date_gmt":"2017-10-13T19:19:57","guid":{"rendered":"https:\/\/lopunajat.fi\/blogi\/?page_id=5850"},"modified":"2017-10-13T22:53:00","modified_gmt":"2017-10-13T19:53:00","slug":"massiiviset-elainkuolemat-yksi-lopun-ajan-merkki","status":"publish","type":"page","link":"https:\/\/lopunajat.fi\/blogi\/massiiviset-elainkuolemat-yksi-lopun-ajan-merkki\/","title":{"rendered":"MASSIIVISET EL\u00c4INKUOLEMAT YKSI LOPUN AJAN MERKKI"},"content":{"rendered":"<p>Lopunajat.fi 13.10.2017<\/p>\n<p>Er\u00e4s erikoinen ja surullinen viime vuosien ilmi\u00f6 ovat massiiviset selitt\u00e4m\u00e4tt\u00f6m\u00e4t el\u00e4inkuolemat, joita on tapahtunut esimerkiksi vuonna 2015 useissa maissa: Vietnam 10 000 nautaa kuollut samaan aikaan, miljoonien kalojen kuolema Indonesiassa, Malesiassa, Brasiliassa ja Intiassa, tuhansien lintujen kuolema Perussa, Arkansissa, Australiassa. Vuonna 2016 sama kehitys jatkui. Osan kuolemista selitt\u00e4\u00e4 lintuflunssa sek\u00e4 Fukusiman ydinonnettomuus tms. ymp\u00e4rist\u00f6katastrofi. Jotain ik\u00e4v\u00e4\u00e4 el\u00e4imille on tapahtumassa ja valitettavasti emme ehk\u00e4 viel\u00e4 ole n\u00e4hneet pahinta.<\/p>\n<p>Vuonna 2017 on kalakuolemia tapahtunut:\u00a0 Englannissa, Norjassa, Ruotsissa, Indonesiassa. Lintuflunssaan on kuollut satojatuhansia lintuja Bulgariassa, Kreikassa (28 000), Taiwanissa, Chiless\u00e4, Ukrainassa.<\/p>\n<p>Massakuoleman ovat kohdanneet valaat, delfiinit ja merikilpikonnat sek\u00e4 pelikaanit.<\/p>\n<p>Vuoden 2017 lopulta:<\/p>\n<p>6.10.2017 \u2013 Sadat lokit kuolevat Galician rannikolla, Espanja<\/p>\n<p>6.10.2017 \u2013 Miljoonat kalat kuolevat saasteiden t\u00e4hden, Telangana Lake, Intia<\/p>\n<p>5.10.2017 \u2013 Tuhannet hait kuolevat mystisesti, San Francisco Bay, USA.<\/p>\n<p>&#8211; 34 tonnia kalaa on kuollut kalafarmeilla, Thua Thien-Hue, Vietnam.<\/p>\n<p>&#8211; Tuhannet kuolleet kalat ovat ajautuneet rantaan er\u00e4\u00e4ss\u00e4 j\u00e4rvess\u00e4, Kentucky, USA.<\/p>\n<p>&#8211; Massiiviset m\u00e4\u00e4r\u00e4t kaloja on huuhtoutunut rantaan, Marica, Brasilia.<\/p>\n<p>4.10.2017 \u2013 Tuhannet kalat ja meriel\u00e4imet kuolleina huuhtoutuvat, Dead Stingrayn rannikko IndiaMaharashtra, Intia.<\/p>\n<p>&#8211; 2 Miljoonaa lintua kuolee lintuflunssaan, Cape Town, Etel\u00e4 Afrikka.<\/p>\n<p>&#8211; Satoja kaloja, villilintuja ja karjaa on l\u00f6ytynyt kuolleina, Francisco Dumon, Brasilia.<\/p>\n<p>Voit tutustua n\u00e4ihin asioihin tarkemmin seuraavien nettilinkkien kautta. My\u00f6s Youtubessa l\u00f6ytyy materiaalia: animal mass deaths.<\/p>\n<p><a href=\"http:\/\/www.end-times-prophecy.org\/animal-deaths-birds-fish-end-times.html\" target=\"_blank\" rel=\"noopener\">http:\/\/www.end-times-prophecy.org\/animal-deaths-birds-fish-end-times.html<\/a><\/p>\n<p><a href=\"http:\/\/www.end-times-prophecy.org\/mass-animal-deaths-2016.html\" target=\"_blank\" rel=\"noopener\">http:\/\/www.end-times-prophecy.org\/mass-animal-deaths-2016.html<\/a><\/p>\n<p><strong>Raamatussa on vakava ennustus n\u00e4ist\u00e4 ilmi\u00f6ist\u00e4:<\/strong><\/p>\n<p>Min\u00e4 tuhoan ihmiset ja el\u00e4imet, teen lopun taivaan linnuista ja meren kaloista, min\u00e4 kaadan jumalattomat ja h\u00e4vit\u00e4n ihmiset maan p\u00e4\u00e4lt\u00e4, sanoo Herra. (Sef. 1:3)<\/p>\n<p>V\u00e4\u00e4r\u00e4t valat ja valheet, murhat, varkaudet ja aviorikokset rehottavat kaikkialla, veriteko seuraa veritekoa. Sen t\u00e4hden maa muuttuu aavikoksi, kaikki sen asukkaat n\u00e4\u00e4ntyv\u00e4t. Villiel\u00e4imet ja taivaan linnut kuolevat, meren kalat katoavat. (Hoosea 4:2-3)<\/p>\n<p>Kuinka kauan t\u00e4ytyy maan riutua, laidunten ruohon kuivettua? Villiel\u00e4imet ja linnutkin katoavat ihmisten pahuuden t\u00e4hden. Mutta he sanovat: &#8221;Kuka sen voi tiet\u00e4\u00e4, miten meille k\u00e4y! (Jeremia 12:4)<\/p>\n<p>Massakuolemien takana on usein ekokatastrofi. Useimpia massakuolemia ei voida selitt\u00e4\u00e4 mitenk\u00e4\u00e4n. Ilmiselv\u00e4\u00e4 on, ett\u00e4 luomakunta huokaa ik\u00e4\u00e4n kuin synnytystuskissa (Room. 8:22), joita n\u00e4m\u00e4 ilmi\u00f6t ja mm. maanj\u00e4ristykset edustavat.<\/p>\n<p>&nbsp;<\/p>\n","protected":false},"excerpt":{"rendered":"<p>Lopunajat.fi 13.10.2017 Er\u00e4s erikoinen ja surullinen viime vuosien ilmi\u00f6 ovat massiiviset selitt\u00e4m\u00e4tt\u00f6m\u00e4t el\u00e4inkuolemat, joita on tapahtunut esimerkiksi vuonna 2015 useissa maissa: Vietnam 10 000 nautaa kuollut samaan aikaan, miljoonien kalojen kuolema Indonesiassa, Malesiassa, Brasiliassa ja Intiassa, tuhansien lintujen kuolema Perussa, Arkansissa, Australiassa. Vuonna 2016 sama kehitys jatkui. Osan kuolemista selitt\u00e4\u00e4 lintuflunssa sek\u00e4 Fukusiman ydinonnettomuus tms. [&hellip;]<\/p>\n","protected":false},"author":1,"featured_media":0,"parent":0,"menu_order":0,"comment_status":"closed","ping_status":"closed","template":"","meta":{"footnotes":""},"class_list":["post-5850","page","type-page","status-publish","hentry"],"_links":{"self":[{"href":"https:\/\/lopunajat.fi\/blogi\/wp-json\/wp\/v2\/pages\/5850","targetHints":{"allow":["GET"]}}],"collection":[{"href":"https:\/\/lopunajat.fi\/blogi\/wp-json\/wp\/v2\/pages"}],"about":[{"href":"https:\/\/lopunajat.fi\/blogi\/wp-json\/wp\/v2\/types\/page"}],"author":[{"embeddable":true,"href":"https:\/\/lopunajat.fi\/blogi\/wp-json\/wp\/v2\/users\/1"}],"replies":[{"embeddable":true,"href":"https:\/\/lopunajat.fi\/blogi\/wp-json\/wp\/v2\/comments?post=5850"}],"version-history":[{"count":6,"href":"https:\/\/lopunajat.fi\/blogi\/wp-json\/wp\/v2\/pages\/5850\/revisions"}],"predecessor-version":[{"id":5864,"href":"https:\/\/lopunajat.fi\/blogi\/wp-json\/wp\/v2\/pages\/5850\/revisions\/5864"}],"wp:attachment":[{"href":"https:\/\/lopunajat.fi\/blogi\/wp-json\/wp\/v2\/media?parent=5850"}],"curies":[{"name":"wp","href":"https:\/\/api.w.org\/{rel}","templated":true}]}}