{"id":4670,"date":"2016-02-16T15:24:47","date_gmt":"2016-02-16T13:24:47","guid":{"rendered":"http:\/\/www.lopunajat.fi\/blogi\/?page_id=4670"},"modified":"2016-03-10T11:42:19","modified_gmt":"2016-03-10T09:42:19","slug":"asteroidi-tx-68-osuu-maahan-maaliskuussa-2016","status":"publish","type":"page","link":"https:\/\/lopunajat.fi\/blogi\/asteroidi-tx-68-osuu-maahan-maaliskuussa-2016\/","title":{"rendered":"ASTEROIDI TX68 OSUU MAAHAN MAALISKUUSSA 2016?"},"content":{"rendered":"<p>&nbsp;<\/p>\n<div class=\"epyt-video-wrapper\"><iframe  data-ep-a=\"zoomInUp\"  style=\"display: block; margin: 0px auto;\"  id=\"_ytid_26259\"  width=\"625\" height=\"352\"  data-origwidth=\"625\" data-origheight=\"352\" data-ep-src=\"https:\/\/www.youtube.com\/embed\/dpmXyJrs7iU?enablejsapi=1&#038;origin=https:\/\/lopunajat.fi&#038;autoplay=0&#038;cc_load_policy=1&#038;cc_lang_pref=&#038;iv_load_policy=3&#038;loop=0&#038;rel=0&#038;fs=1&#038;playsinline=0&#038;autohide=2&#038;hl=fi&#038;theme=dark&#038;color=red&#038;controls=1&#038;disablekb=0&#038;\" class=\"__youtube_prefs__  epyt-is-override  no-lazyload\" title=\"YouTube player\"  allow=\"fullscreen; accelerometer; autoplay; clipboard-write; encrypted-media; gyroscope; picture-in-picture; web-share\" referrerpolicy=\"strict-origin-when-cross-origin\" allowfullscreen data-no-lazy=\"1\" data-skipgform_ajax_framebjll=\"\"><\/iframe><\/div>\n<p>Lopunajat.fi<\/p>\n<p>Julkaisu 16.2.2016 klo <span id=\"timestamp\">15:29<\/span>. P\u00e4ivitetty 19.2.2016 klo 12<span id=\"timestamp\">:50<\/span>.<\/p>\n<p><strong>NASA on viime viikolla (11.2.2016) p\u00e4ivitt\u00e4nyt tietoja kohteesta 2013 TX68.<\/strong><\/p>\n<p><strong>TX68 on 20-52 metrin kokoinen asteroidi, joka havaittiin ensi kerran 6.10.2013. <\/strong><\/p>\n<p><strong>Esimerkiksi Ven\u00e4j\u00e4lle 15.2.2013 pudonnut T\u0161eljabinskin meteori oli kooltaan arviolta 15-17 metri\u00e4 halkaisijaltaan ja se r\u00e4j\u00e4hti noin 30\u201350 kilometrin korkeudessa. <\/strong><\/p>\n<p><strong>R\u00e4j\u00e4hdyksess\u00e4 vapautui energiaa 500 kilotonnia, joka vastaa noin 30:t\u00e4 Hiroshimaan toisessa maailmansodassa pudotettua atomipommia. R\u00e4j\u00e4hdys oli suurin sitten vuonna 1908 Tunguskaan osuneen asteroidin. <\/strong><\/p>\n<p><strong>Tseljabinskin asteroidia ei havaittu lainkaan ennen sen maahansy\u00f6ksy\u00e4.<br \/>\n<\/strong><\/p>\n<p><strong>Asteroidi TX68:sta tekee erityisen mielenkiintoisen se seikka, ett\u00e4 sen kiertorata on eritt\u00e4in ep\u00e4varma ja se, ett\u00e4 se tulee joka tapauksessa hyvin l\u00e4helle Maata maaliskuussa 2016.<\/strong><\/p>\n<p><strong>Et\u00e4isyys jolla asteroidin pit\u00e4isi ohittaa Maa on huomattavasti alle se et\u00e4isyys jolla Tv- ja muut tietoliikennesatelliitit kiert\u00e4v\u00e4t Maata. Geostationaaristen satelliittien ratojen et\u00e4isyys Maasta on noin 35 800 km.<\/strong><\/p>\n<p><strong>Yksi LD (Lunar Distance) tarkoittaa sit\u00e4 keskiet\u00e4isyytt\u00e4 mik\u00e4 on Maan keskipisteest\u00e4\u00a0Kuun keskipisteeseen (ei siis mitata kohteen ulkokuoresta vaan keskipisteest\u00e4). Jos LD arvo on alle yhden, silloin kohde on l\u00e4hemp\u00e4n\u00e4 kuin Kuu.<\/strong><\/p>\n<p><strong>NASA ilmoitti aikaisemmin, ett\u00e4 asteroidi TX68:n ohituset\u00e4isyys (Miss Distance) olisi 1.3 LD, mutta on nyt kaikessa hiljaisuudessa muutamia p\u00e4ivi\u00e4 sitten p\u00e4ivitt\u00e4nyt arvioidun ohituset\u00e4isyyden. <\/strong><\/p>\n<p><strong>Nyt asteroidin ohituset\u00e4isyydeksi arvioidaan <a href=\"http:\/\/spaceweather.com\" class=\"autohyperlink\" target=\"_blank\">spaceweather.com<\/a> sivustolla 0.044 LD, joka kilometreiksi muutettuna on vain 16 896 km.<\/strong><\/p>\n<p><strong>Et\u00e4isyys maan pinnasta Maan keskipisteeseen on 6 371 km. Kun v\u00e4henn\u00e4mme tuon keskipisteeseen olevan et\u00e4isyyden niin silloin saamme todellisen et\u00e4isyyden, jolla asteroidi tulisi ohittaa Maa: 10 525 km.<\/strong><\/p>\n<p><strong>TX68:n laskettu kiertorata on saanut koodiarvon (Condition code) 8 asteikolla 0-9 jossa 0 tarkoittaa, ett\u00e4 kiertorata tiedet\u00e4\u00e4n aivan tarkkaan ja taas koodi 9 tarkoittaa t\u00e4ysin arvaamatonta. NASA jopa p\u00e4ivitti t\u00e4m\u00e4n koodin hiljattain siis tuohon 8:aan, kun se alun perin oli 7. Normaalisti t\u00e4m\u00e4 luku tulisi pienenty\u00e4, kun kohteesta on saatu enemm\u00e4n tietoa, mutta TX68:n tapauksessa ep\u00e4varmuus kiertoradasta on vain lis\u00e4\u00e4ntynyt.<br \/>\n<\/strong><\/p>\n<p><strong>T\u00e4m\u00e4n suuren ep\u00e4varmuustekij\u00e4n takia my\u00f6sk\u00e4\u00e4n tarkkaa ohitusaikaa ei ole pystytty laskemaan, vaan kohteen ohitusajan arviossakin on yli kahden vuorokauden virhemarginaali.<\/strong><\/p>\n<p><strong>Asteroidin arvioidaan ohittavan Maan eri l\u00e4hteist\u00e4 saatujen tietojen mukaan 2-11.3.2016. <\/strong><\/p>\n<p><strong>Oheisen taulukon mukaan NASA arvioi ohituksen tapahtuvan 5.3.2016.<br \/>\n<\/strong><\/p>\n<p><strong>Eritt\u00e4in oudoksi asian tekee esimerkiksi se, ett\u00e4 NASA on nyt my\u00f6s poistanut TX68 riskiluettelostaan. Poisto on p\u00e4iv\u00e4tty samalle p\u00e4iv\u00e4lle jona NASA p\u00e4ivitti ohituset\u00e4isyyden 1.3 LD:st\u00e4 0.044:\u00e4\u00e4n ja jona se p\u00e4ivitti my\u00f6s sen kiertoradan ep\u00e4varmemmaksi&#8230; Jokin t\u00e4ss\u00e4 nyt m\u00e4tt\u00e4\u00e4. Poiston p\u00e4iv\u00e4ys: 11.02.2016 16:06.<\/strong><\/p>\n<p><strong> My\u00f6s valtamedian kiinnostus tai pikkemminkin sen puute asiasta her\u00e4tt\u00e4\u00e4 kysymyksi\u00e4.<br \/>\n<\/strong><\/p>\n<p><strong>Kun otamme huomioon edell\u00e4 mainitut ep\u00e4varmuustekij\u00e4t, Maan vetovoiman ja sen, ett\u00e4 kohde menee joka tapauksessa hyvin l\u00e4helt\u00e4 Maata ei todellakaan ole pois suljettu se fakta, ett\u00e4 asteroidi 2013 TX68 voi osua Maahan.<\/strong><\/p>\n<p>&nbsp;<\/p>\n<p>&nbsp;<\/p>\n<h2><img loading=\"lazy\" decoding=\"async\" class=\"alignnone size-full wp-image-4717\" src=\"http:\/\/www.lopunajat.fi\/blogi\/wp-content\/uploads\/2016\/02\/tx-1.png\" alt=\"tx-1\" width=\"593\" height=\"536\" srcset=\"https:\/\/lopunajat.fi\/blogi\/wp-content\/uploads\/2016\/02\/tx-1.png 593w, https:\/\/lopunajat.fi\/blogi\/wp-content\/uploads\/2016\/02\/tx-1-300x271.png 300w\" sizes=\"auto, (max-width: 593px) 100vw, 593px\" \/><\/h2>\n<p><img loading=\"lazy\" decoding=\"async\" class=\"alignnone size-full wp-image-4721\" src=\"http:\/\/www.lopunajat.fi\/blogi\/wp-content\/uploads\/2016\/02\/tx-5.png\" alt=\"tx-5\" width=\"382\" height=\"357\" srcset=\"https:\/\/lopunajat.fi\/blogi\/wp-content\/uploads\/2016\/02\/tx-5.png 382w, https:\/\/lopunajat.fi\/blogi\/wp-content\/uploads\/2016\/02\/tx-5-300x280.png 300w\" sizes=\"auto, (max-width: 382px) 100vw, 382px\" \/><\/p>\n<p>&nbsp;<\/p>\n<h2><img loading=\"lazy\" decoding=\"async\" class=\"alignnone wp-image-4718 size-full\" src=\"http:\/\/www.lopunajat.fi\/blogi\/wp-content\/uploads\/2016\/02\/tx-2-e1455636416944.png\" alt=\"tx-2\" width=\"568\" height=\"550\" srcset=\"https:\/\/lopunajat.fi\/blogi\/wp-content\/uploads\/2016\/02\/tx-2-e1455636416944.png 568w, https:\/\/lopunajat.fi\/blogi\/wp-content\/uploads\/2016\/02\/tx-2-e1455636416944-300x290.png 300w\" sizes=\"auto, (max-width: 568px) 100vw, 568px\" \/><\/h2>\n<p><img loading=\"lazy\" decoding=\"async\" class=\"alignnone size-full wp-image-4720\" src=\"http:\/\/www.lopunajat.fi\/blogi\/wp-content\/uploads\/2016\/02\/tx-4.png\" alt=\"tx-4\" width=\"949\" height=\"721\" srcset=\"https:\/\/lopunajat.fi\/blogi\/wp-content\/uploads\/2016\/02\/tx-4.png 949w, https:\/\/lopunajat.fi\/blogi\/wp-content\/uploads\/2016\/02\/tx-4-300x228.png 300w, https:\/\/lopunajat.fi\/blogi\/wp-content\/uploads\/2016\/02\/tx-4-768x583.png 768w, https:\/\/lopunajat.fi\/blogi\/wp-content\/uploads\/2016\/02\/tx-4-624x474.png 624w\" sizes=\"auto, (max-width: 949px) 100vw, 949px\" \/><\/p>\n<p><img loading=\"lazy\" decoding=\"async\" class=\"alignnone size-full wp-image-4722\" src=\"http:\/\/www.lopunajat.fi\/blogi\/wp-content\/uploads\/2016\/02\/tx-6.png\" alt=\"tx-6\" width=\"529\" height=\"331\" srcset=\"https:\/\/lopunajat.fi\/blogi\/wp-content\/uploads\/2016\/02\/tx-6.png 529w, https:\/\/lopunajat.fi\/blogi\/wp-content\/uploads\/2016\/02\/tx-6-300x188.png 300w\" sizes=\"auto, (max-width: 529px) 100vw, 529px\" \/><\/p>\n<p><img loading=\"lazy\" decoding=\"async\" class=\"alignnone size-full wp-image-4837\" src=\"http:\/\/www.lopunajat.fi\/blogi\/wp-content\/uploads\/2016\/02\/tx-12-2016-02-19.png\" alt=\"tx-12-2016-02-19\" width=\"730\" height=\"551\" srcset=\"https:\/\/lopunajat.fi\/blogi\/wp-content\/uploads\/2016\/02\/tx-12-2016-02-19.png 730w, https:\/\/lopunajat.fi\/blogi\/wp-content\/uploads\/2016\/02\/tx-12-2016-02-19-300x226.png 300w, https:\/\/lopunajat.fi\/blogi\/wp-content\/uploads\/2016\/02\/tx-12-2016-02-19-624x471.png 624w\" sizes=\"auto, (max-width: 730px) 100vw, 730px\" \/><\/p>\n<p>&nbsp;<\/p>\n<p><strong><a href=\"http:\/\/www.lopunajat.fi\/blogi\/asteroidi-tx68-toi-mukanaan-joukon-muita-asteroideja-lahes-tormaysetaisyydelle\/\">Lue jatko t\u00e4h\u00e4n aiheeseen: 9.3.2016: Asteroidi TX68 toi mukanaan joukon muita asteroideja l\u00e4hes t\u00f6rm\u00e4yset\u00e4isyydelle<\/a><\/strong><\/p>\n<p>&nbsp;<\/p>\n","protected":false},"excerpt":{"rendered":"<p>&nbsp; Lopunajat.fi Julkaisu 16.2.2016 klo 15:29. P\u00e4ivitetty 19.2.2016 klo 12:50. NASA on viime viikolla (11.2.2016) p\u00e4ivitt\u00e4nyt tietoja kohteesta 2013 TX68. TX68 on 20-52 metrin kokoinen asteroidi, joka havaittiin ensi kerran 6.10.2013. Esimerkiksi Ven\u00e4j\u00e4lle 15.2.2013 pudonnut T\u0161eljabinskin meteori oli kooltaan arviolta 15-17 metri\u00e4 halkaisijaltaan ja se r\u00e4j\u00e4hti noin 30\u201350 kilometrin korkeudessa. R\u00e4j\u00e4hdyksess\u00e4 vapautui energiaa 500 kilotonnia, [&hellip;]<\/p>\n","protected":false},"author":1,"featured_media":0,"parent":0,"menu_order":0,"comment_status":"closed","ping_status":"closed","template":"","meta":{"footnotes":""},"class_list":["post-4670","page","type-page","status-publish","hentry"],"_links":{"self":[{"href":"https:\/\/lopunajat.fi\/blogi\/wp-json\/wp\/v2\/pages\/4670","targetHints":{"allow":["GET"]}}],"collection":[{"href":"https:\/\/lopunajat.fi\/blogi\/wp-json\/wp\/v2\/pages"}],"about":[{"href":"https:\/\/lopunajat.fi\/blogi\/wp-json\/wp\/v2\/types\/page"}],"author":[{"embeddable":true,"href":"https:\/\/lopunajat.fi\/blogi\/wp-json\/wp\/v2\/users\/1"}],"replies":[{"embeddable":true,"href":"https:\/\/lopunajat.fi\/blogi\/wp-json\/wp\/v2\/comments?post=4670"}],"version-history":[{"count":102,"href":"https:\/\/lopunajat.fi\/blogi\/wp-json\/wp\/v2\/pages\/4670\/revisions"}],"predecessor-version":[{"id":5045,"href":"https:\/\/lopunajat.fi\/blogi\/wp-json\/wp\/v2\/pages\/4670\/revisions\/5045"}],"wp:attachment":[{"href":"https:\/\/lopunajat.fi\/blogi\/wp-json\/wp\/v2\/media?parent=4670"}],"curies":[{"name":"wp","href":"https:\/\/api.w.org\/{rel}","templated":true}]}}