{"id":3461,"date":"2015-09-05T14:36:30","date_gmt":"2015-09-05T11:36:30","guid":{"rendered":"http:\/\/www.lopunajat.fi\/blogi\/?page_id=3461"},"modified":"2015-10-11T11:08:14","modified_gmt":"2015-10-11T08:08:14","slug":"syyskuu-2015","status":"publish","type":"page","link":"https:\/\/lopunajat.fi\/blogi\/syyskuu-2015\/","title":{"rendered":"SYYSKUU 2015"},"content":{"rendered":"<p>Lopunajat.fi 27.8.2015, p\u00e4ivitetty 11.10.2015<\/p>\n<p>T\u00c4LLE SIVULLE KOOSTETAAN MERKITT\u00c4VI\u00c4 P\u00c4IV\u00c4M\u00c4\u00c4RI\u00c4 JA TAPAHTUMIA KOSKIEN VUODEN 2015 SYYSKUUTA, JOKA SIS\u00c4LT\u00c4\u00c4 JO POIKKEUKSELLISEN MONTA JA MERKITT\u00c4V\u00c4\u00c4 TAPAHTUMAA., listaa p\u00e4ivitet\u00e4\u00e4n.)<\/p>\n<p>*** Madonnan &#8221;<a href=\"http:\/\/www.lopunajat.fi\/blogi\/27-8-2015-madonna-aloittaa-kapinoiva-sydan-maailmankiertueensa-9-9-2015\/\" target=\"_blank\">Kapinoiva Syd\u00e4n<\/a>&#8221; kiertue alkaa Kanadan Montrealista 9. syyskuuta. USAssa se aloittaa 12. syyskuta p\u00e4\u00e4kaupunki Washington DC:st\u00e4.<\/p>\n<p>*** 9. syyskuuta tapahtuu mahdollisesti jotain muutakin merkitt\u00e4v\u00e4\u00e4, lue aiheeseen liittyv\u00e4 artikkeli <a href=\"http:\/\/www.lopunajat.fi\/blogi\/26-8-2015-dow-jones-indexi-pysahtyi-25-8-lukemiin-15666-44\/\" target=\"_blank\">t\u00e4st\u00e4<\/a>.<\/p>\n<p>*** 9.9.2015: Kuningatar Elisabet II:sta tuli Britannian pitk\u00e4aikaisin hallitsija 9.9.2015. Enn\u00e4tys tuli tarkalleen ottaen keskiviikkona kello 19.30 Suomen aikaan, jolloin 89-vuotias Elisabet on hallinnut Britanniaa 63 vuotta ja 216 p\u00e4iv\u00e4\u00e4. (6*6*6 = 216). Lue <a href=\"http:\/\/www.lopunajat.fi\/blogi\/9-9-2015-kuningatar-elisabet-ii-on-nyt-britannian-pitkaaikaisin-hallitsija\/\" target=\"_blank\">artikkeli aiheesta<\/a>. (Julkaistu 9.9.2015, lis\u00e4tty: 12.9.2015)<\/p>\n<p>*** 10.9.2015: YK:n 70. yleiskokous: <a href=\"http:\/\/www.lopunajat.fi\/blogi\/11-9-2015-palestiinan-lippu-pian-ykn-paamajan-edustalle\/\" target=\"_blank\">Palestiinan lippu YK:n edustalle<\/a> (Lis\u00e4tty p\u00e4iv\u00e4m\u00e4\u00e4r\u00e4 11.10.2015)<\/p>\n<p>*** 11.9.2015: <a href=\"http:\/\/www.lopunajat.fi\/blogi\/11-9-2015-nosturi-romahti-moskeijan-katon-lapi-yli-sata-kuollut-mekassa\/\" target=\"_blank\">Nosturi kaatui moskeijan p\u00e4\u00e4lle \u2013 yli sata kuoli Mekassa<\/a> (Lis\u00e4tty 13.9.2015)<\/p>\n<p>*** \u00c4\u00e4riortodoksi Chaim Kanievsky uskoo Messiaan tulevan sapattivuoden lopussa syyskuun 12. pv 2015. Ortodoksijuutalaiset odottavat Messiasta, mutta eiv\u00e4t tunnusta Jeesusta Messiaaksi.<\/p>\n<p>*** Shemittah -7 vuoden juutalaisten ajanjakso kulminoituu syyskuun 13. p\u00e4iv\u00e4n tiet\u00e4mill\u00e4.<\/p>\n<p>*** Rosh Hashanah &#8211; Juutalaisten uusivuosi syyskuun 13. p\u00e4iv\u00e4. Juutalaisten ajanlaskun mukainen vuosi 5775 p\u00e4\u00e4ttyy 13. syyskuuta.<\/p>\n<p>*** Vuosi 5776 alkaa 14.9.2015 (Lis\u00e4tty: 12.9.2015)<\/p>\n<p>*** 6000 vuotta Aatamin luomisesta 14.9.2015 (P\u00e4ivitetty: 12.9.2015)<\/p>\n<p>*** Palestiinasta voi tulla valtio syyskuussa 2015 YK:n p\u00e4\u00e4t\u00f6ksell\u00e4. <a href=\"http:\/\/www.lopunajat.fi\/blogi\/lahi-idan-vaara-rauha\/\" target=\"_blank\">Katso L\u00e4hi-Id\u00e4n v\u00e4\u00e4r\u00e4 rauha<\/a>.<\/p>\n<p>*** Yhdysvalloissa useassa osavaltiossa k\u00e4ynniss\u00e4 oleva pitk\u00e4kestoinen ja mystinen kriisi-\/sotaharjoitus <strong>Jade Helm<\/strong> tulisi p\u00e4\u00e4tty\u00e4 syyskuun 15. p\u00e4iv\u00e4.<\/p>\n<p>*** 21.9.2015: <a href=\"http:\/\/www.lopunajat.fi\/blogi\/21-9-2015-euroopan-presidentit-koolla-historiallisessa-ymparistossa\/\">11 Euroopan presidentti\u00e4 mukaan lukien Niinist\u00f6 koolla Saksassa<\/a> (Lis\u00e4tty 23.9.2015)<\/p>\n<p>*** YK:n kansainv\u00e4linen &#8221;Rauhan P\u00e4iv\u00e4&#8221; 21. syyskuuta. Juutalaisten juhla Jom Kippur alkaa saman p\u00e4iv\u00e4n iltana ja p\u00e4\u00e4ttyy 23. p\u00e4iv\u00e4.<\/p>\n<p>*** Paavi saapui Yhdysvaltoihin 22.9.2015. (Lis\u00e4tty 23.9.2015)<\/p>\n<p>*** Ns. Arafatin p\u00e4iv\u00e4 eli pyhiinvaellus Mekkaan alkaa: 22. syyskuuta.<\/p>\n<p>*** L\u00e4hemm\u00e4s tuhat tallaantui kuoliaaksi <a href=\"http:\/\/www.lopunajat.fi\/blogi\/24-9-2015-yli-300-pyhiinvaeltajaa-kuollut-mekan-lahella-onnettomuudessa\/\" target=\"_blank\">matkalla Mekkaan<\/a> (Lis\u00e4tty: 24.9.2015)<\/p>\n<p>*** Sveitsiss\u00e4 sijaitseva ja maailman suurin hiukkaskiihdytin CERN juhlii &#8221;Valon Vuotta&#8221; (&#8221;Year of Light&#8221;). Hiukkaskiihdytint\u00e4 on m\u00e4\u00e4r\u00e4 ajaa t\u00e4ydell\u00e4 teholla 23-24. syyskuuta ja n\u00e4in yritett\u00e4v\u00e4t avata &#8221;syvyyden kuilua&#8221;.<\/p>\n<p>*** Tasavallan presidentti <a href=\"http:\/\/www.lopunajat.fi\/blogi\/21-9-2015-presidentti-niinisto-ykn-yleiskokoukseen\/\" target=\"_blank\">Sauli Niinist\u00f6 matkustaa New Yorkiin 24.-29. syyskuuta<\/a> osallistuakseen Yhdistyneiden kansakuntien 70. yleiskokoukseen. (Lis\u00e4tty 24.9.2015)<\/p>\n<p>*** 24. syyskuuta paavin vierailu USA:ssa: Ensimm\u00e4inen paavi joka osallistuu kongressin istuntoon ja pit\u00e4\u00e4 siell\u00e4 puheen (&#8221;<a href=\"https:\/\/lopunajat.fi\/tv\/4\" target=\"_blank\">Uusi Maailman J\u00e4rjestys<\/a>&#8221;?).<\/p>\n<p>*** Kiinan presidentti Xi Jinping vierailee USAssa pe 25.9.2015. (Lis\u00e4tty p\u00e4iv\u00e4m\u00e4\u00e4r\u00e4: 16.9.2015)<\/p>\n<p>*** Paavi osallistuu YK:n maailmanjohtajien yleiskokoukseen 25. syyskuuta.<\/p>\n<p>*** Paavi pit\u00e4\u00e4 messun New Yorkin Madison Square Gardensissa 25. syyskuuta.<\/p>\n<p>*** Paavi\u00a0 Philadelphiassa 26-27. syyskuuta &#8221;World Meeting of Families&#8221; tapahtumassa.<\/p>\n<p>*** Syyskuun 25-27 &#8221;Tomorroworld&#8221; \/ &#8221;Tomorrowland Rave&#8221; konsertti\u00a0 &amp; festivaali, l\u00e4hell\u00e4 Atlantaa, Georgiassa: Juhlivat v\u00e4\u00e4r\u00e4\u00e4 rakkautta, valoa, avaimia, antikristusta, porttien- ja portaalien avaamista.<\/p>\n<p>*** Lehtimajanjuhla 27. syyskuuta &#8211; 5. lokakuuta.<\/p>\n<p>*** Nelj\u00e4s ja viimeinen tetradin <a href=\"http:\/\/www.lopunajat.fi\/blogi\/27-9-2015-harvinainen-superkuu-pimenee-ensi-yona\/\" target=\"_blank\">superverikuu 28. syyskuuta<\/a>.<\/p>\n<p>*** Vladimir Putin ja Barack Obama tapaavat New Yorkissa verikuun p\u00e4iv\u00e4n\u00e4 MA 28.9.2015 (Lis\u00e4tty: 24.9.2015, p\u00e4ivitetty tarkentunut p\u00e4iv\u00e4m\u00e4\u00e4r\u00e4 27.9.2015).<\/p>\n<p>*** 30.9.2015: <a href=\"http:\/\/www.lopunajat.fi\/blogi\/30-9-2015-palestiinalaisten-lippu-nostettiin-ensimmaista-kertaa-ykn-salkoon\/\" target=\"_blank\">Palestiinalaisten lippu nostettiin ensimm\u00e4ist\u00e4 kertaa YK:n salkoon<\/a> (Lis\u00e4tty 1.10.2015)<\/p>\n<p>*** YK:n 70-v juhlavuosi<\/p>\n<p>&nbsp;<\/p>\n<p>Juutalaisen ajanlaskun mukainen kalenteri vuodelle 2015:<\/p>\n<p><a href=\"http:\/\/www.hebcal.com\/hebcal\/?year=2015&amp;v=1&amp;month=x&amp;yt=G&amp;nh=on&amp;nx=on&amp;o=on&amp;vis=on&amp;d=on&amp;c=off\" target=\"_blank\">http:\/\/www.hebcal.com\/hebcal\/?year=2015&#038;v=1&#038;month=x&#038;yt=G&#038;nh=on&#038;nx=on&#038;o=on&#038;vis=on&#038;d=on&#038;c=off<\/a><\/p>\n<p>&nbsp;<\/p>\n","protected":false},"excerpt":{"rendered":"<p>Lopunajat.fi 27.8.2015, p\u00e4ivitetty 11.10.2015 T\u00c4LLE SIVULLE KOOSTETAAN MERKITT\u00c4VI\u00c4 P\u00c4IV\u00c4M\u00c4\u00c4RI\u00c4 JA TAPAHTUMIA KOSKIEN VUODEN 2015 SYYSKUUTA, JOKA SIS\u00c4LT\u00c4\u00c4 JO POIKKEUKSELLISEN MONTA JA MERKITT\u00c4V\u00c4\u00c4 TAPAHTUMAA., listaa p\u00e4ivitet\u00e4\u00e4n.) *** Madonnan &#8221;Kapinoiva Syd\u00e4n&#8221; kiertue alkaa Kanadan Montrealista 9. syyskuuta. USAssa se aloittaa 12. syyskuta p\u00e4\u00e4kaupunki Washington DC:st\u00e4. *** 9. syyskuuta tapahtuu mahdollisesti jotain muutakin merkitt\u00e4v\u00e4\u00e4, lue aiheeseen liittyv\u00e4 artikkeli [&hellip;]<\/p>\n","protected":false},"author":1,"featured_media":0,"parent":0,"menu_order":0,"comment_status":"closed","ping_status":"closed","template":"","meta":{"footnotes":""},"class_list":["post-3461","page","type-page","status-publish","hentry"],"_links":{"self":[{"href":"https:\/\/lopunajat.fi\/blogi\/wp-json\/wp\/v2\/pages\/3461","targetHints":{"allow":["GET"]}}],"collection":[{"href":"https:\/\/lopunajat.fi\/blogi\/wp-json\/wp\/v2\/pages"}],"about":[{"href":"https:\/\/lopunajat.fi\/blogi\/wp-json\/wp\/v2\/types\/page"}],"author":[{"embeddable":true,"href":"https:\/\/lopunajat.fi\/blogi\/wp-json\/wp\/v2\/users\/1"}],"replies":[{"embeddable":true,"href":"https:\/\/lopunajat.fi\/blogi\/wp-json\/wp\/v2\/comments?post=3461"}],"version-history":[{"count":80,"href":"https:\/\/lopunajat.fi\/blogi\/wp-json\/wp\/v2\/pages\/3461\/revisions"}],"predecessor-version":[{"id":3863,"href":"https:\/\/lopunajat.fi\/blogi\/wp-json\/wp\/v2\/pages\/3461\/revisions\/3863"}],"wp:attachment":[{"href":"https:\/\/lopunajat.fi\/blogi\/wp-json\/wp\/v2\/media?parent=3461"}],"curies":[{"name":"wp","href":"https:\/\/api.w.org\/{rel}","templated":true}]}}