{"id":1924,"date":"2014-12-24T17:57:49","date_gmt":"2014-12-24T15:57:49","guid":{"rendered":"http:\/\/www.lopunajat.fi\/blogi\/?page_id=1924"},"modified":"2014-12-25T23:50:34","modified_gmt":"2014-12-25T21:50:34","slug":"ajattelemisen-aihetta","status":"publish","type":"page","link":"https:\/\/lopunajat.fi\/blogi\/ajattelemisen-aihetta\/","title":{"rendered":"AJATTELEMISEN AIHETTA"},"content":{"rendered":"<p>12.2.2012, p\u00e4ivitetty 23.5.2012<\/p>\n<p><img loading=\"lazy\" decoding=\"async\" class=\"alignnone wp-image-1929 size-full\" src=\"http:\/\/www.lopunajat.fi\/blogi\/wp-content\/uploads\/2014\/12\/AA1_sivu24-e1419437335792.png\" alt=\"AA1_sivu24\" width=\"336\" height=\"768\" srcset=\"https:\/\/lopunajat.fi\/blogi\/wp-content\/uploads\/2014\/12\/AA1_sivu24-e1419437335792.png 336w, https:\/\/lopunajat.fi\/blogi\/wp-content\/uploads\/2014\/12\/AA1_sivu24-e1419437335792-131x300.png 131w\" sizes=\"auto, (max-width: 336px) 100vw, 336px\" \/><\/p>\n<p>Ainakin <strong>Turun Sanomissa<\/strong> ja <strong>Helsingin Sanomissa<\/strong> julkaistiin 9.2.2012 koko etusivun <strong>Valion<\/strong> <strong>OLO<\/strong>-mainos. Kuvassa on marjoista tehty osittainen <strong>pyramidimuodostelma<\/strong> ja sen huipulla <strong>OLO<\/strong>-purkki.<\/p>\n<p>Kun p\u00e4\u00e4lle asetetaan<strong> 90 asteen suorakulma<\/strong> (lis\u00e4tty oheiseen kuvaan) niin pyramidille saadaan huippu ja pyramidin reunat my\u00f6t\u00e4ilev\u00e4t l\u00e4hes t\u00e4ydellisesti muodostelmaa. Kun <strong>OLO<\/strong> tekstin k\u00e4\u00e4nt\u00e4\u00e4 yl\u00f6salaisin niin<strong> sana muuttuu heprean kieleksi<\/strong>. Heprea-Suomi sanakirja kertoo, ett\u00e4 tuo sana tarkoittaa: kuohita;<strong> muuttaa j\u00e4rjestyst\u00e4<\/strong>. Pelkk\u00e4\u00e4 sattumaako?<\/p>\n<p><img loading=\"lazy\" decoding=\"async\" class=\"alignnone wp-image-1930 size-full\" src=\"http:\/\/www.lopunajat.fi\/blogi\/wp-content\/uploads\/2014\/12\/AA1_sivu34-e1419436967997.png\" alt=\"AA1_sivu34\" width=\"410\" height=\"359\" srcset=\"https:\/\/lopunajat.fi\/blogi\/wp-content\/uploads\/2014\/12\/AA1_sivu34-e1419436967997.png 410w, https:\/\/lopunajat.fi\/blogi\/wp-content\/uploads\/2014\/12\/AA1_sivu34-e1419436967997-300x263.png 300w\" sizes=\"auto, (max-width: 410px) 100vw, 410px\" \/><\/p>\n<p>Varsinkin kun lehdiss\u00e4 olivat laajat uutisoinnit koskien todella isoja asioita, kuten <strong>varuskuntien lakkauttamisia<\/strong> ja <strong>suurkuntien perustamista<\/strong> ja <strong>Nokiaa<\/strong>. Suomelle on my\u00f6s juuri valittu <strong>12. presidentti<\/strong>, jonka tiedet\u00e4\u00e4n osallistuneen ainakin <strong>Bilderberg ryhm\u00e4n<\/strong> kokoukseen ja joka on maininnut useasti k\u00e4sitteen <strong>Uusi Maailman J\u00e4rjestys<\/strong> (<strong>New World Order<\/strong>, mik\u00e4 on erityisesti <strong>Vapaamuurarien<\/strong> yleisesti k\u00e4ytt\u00e4m\u00e4 termi) ja viel\u00e4p\u00e4 positiiviseen s\u00e4vyyn <strong>MTV3<\/strong>:n suorassa <strong>Presidentti Tentiss\u00e4<\/strong> 14.12.2011:<\/p>\n<p>\u201dMinusta <strong>nyt<\/strong> ollaan tilanteessa jossa kyll\u00e4 <strong>maailman j\u00e4rjestys muuttuu<\/strong> ja silloin meid\u00e4n kannaltamme on \u00e4\u00e4rett\u00f6m\u00e4n t\u00e4rke\u00e4t\u00e4 kehitt\u00e4\u00e4 suhteitamme <strong>kaikkiin niihin suurvaltoihin<\/strong>, <strong>jotka tuota j\u00e4rjestely\u00e4 suorittavat<\/strong>, jotta me osaamme asemoida oman paikkamme. <strong>Yhdysvallat<\/strong> on t\u00e4rke\u00e4 tekij\u00e4, <strong>Kiina<\/strong> ep\u00e4ilem\u00e4tt\u00e4 toinen.\u201d<\/p>\n<p>Toimittaja: \u201dPresidentin kansliassa ja taustaryhmiss\u00e4 <strong>Tarja Halonen<\/strong> joukkoineen valmistelee viimeist\u00e4 uuden vuoden puhettaan, joka on presidentin arvovallan kannalta aina leimattu yhdeksi t\u00e4rke\u00e4ksi asioiden esille nostamisen muodoksi. Arvoisat ehdokkaat mit\u00e4 te nostaisitte t\u00e4lt\u00e4 vuodelta uuden vuoden puheeseen, jos olisitte sellaista tekem\u00e4ss\u00e4. Mit\u00e4 asioita? &#8230;<strong> Sauli Niinist\u00f6<\/strong> on niin harvinaisen innokas, aloittakaa toki.<\/p>\n<p>-Joo. Ottaisin kaksi asiaa esille. Toinen liittyy <strong>presidentin<\/strong> <strong>valtaoikeuksiin<\/strong> <strong>ulkopolitiikkaan<\/strong> ja siin\u00e4 kyll\u00e4 pohtisin t\u00e4t\u00e4<strong> Uutta Maailman J\u00e4rjestyst\u00e4<\/strong> ja sit\u00e4, ett\u00e4 miten me varmuudella hyvin siihen osaamme asemoitua. Se olisi my\u00f6s kansalaisille t\u00e4rke\u00e4 miettimisen aihe, mutta t\u00e4rke\u00e4 viesti my\u00f6skin, ett\u00e4 ei t\u00e4ss\u00e4 huonosti k\u00e4y.\u201d<\/p>\n<p>T\u00e4h\u00e4n sopii hyvin jatkoksi presidenttiehdokas <strong>Paavo Lipposen<\/strong> Tv-mainos: \u201cP\u00f6\u00f6! Ei ole mit\u00e4\u00e4n pel\u00e4tt\u00e4v\u00e4\u00e4! Rohkeutta Suomi\u201c. Mainoksen lopussa muuten vilahtaa h\u00e4iv\u00e4hdyksenomaisesti pyramidi. Lipponen on osallistunut <strong>Bilderbergiin<\/strong> useamman kerran.<\/p>\n<p>Unohtaa ei sovi my\u00f6sk\u00e4\u00e4n esimerkiksi <strong>Jyrki Kataisen<\/strong> UMJ puhetta<strong> Eduskunnan t\u00e4ysistunnossa<\/strong> 1.12.2010, jolloin h\u00e4n sanoi \u201dJos nyt saataisiin<strong> Uusi Maailman J\u00e4rjestys<\/strong> eli, ett\u00e4 <strong>valtion lainoissa sijoittajat h\u00e4vi\u00e4isiv\u00e4t rahaa, joka on j\u00e4rkev\u00e4 tavoite johon menn\u00e4\u00e4n 2013 eteenp\u00e4in<\/strong>.\u201d<\/p>\n<p>My\u00f6s <strong>Katainen<\/strong> on osallistunut <strong>Bilderbergiin<\/strong> useasti. <strong>Pyramidi<\/strong> on pakanallinen ep\u00e4jumalan palveluksen symboli.<\/p>\n<p><strong>Yhdysvaltojen<\/strong> <strong>1 dollarin<\/strong> seteleiss\u00e4 on <strong>kuva pyramidista<\/strong>, jonka <strong>huippu<\/strong> ei ole kiinni alaosassa ja teksti<strong> Novus Ordo Seclorum eli Uusi Maailman J\u00e4rjestys<\/strong> ovat <strong>Vapaamuurarien<\/strong> k\u00e4ytt\u00e4mi\u00e4 symboleja ja termej\u00e4. Kun huippu on asetettu paikoilleen suunnitelma alkaa t\u00e4ytty\u00e4.<\/p>\n<p><strong>Bilderberg ryhm\u00e4<\/strong> on jo kymmeni\u00e4 vuosia toiminut <strong>salaseura<\/strong>, johon kutsutaan vuosittain noin 150 maailman vaikutusvaltaisinta henkil\u00f6\u00e4 kuten eri maiden politikkoja. <strong>Bilderberg<\/strong> ryhm\u00e4n olemassaolo my\u00f6nnet\u00e4\u00e4n nyt, mutta esimerkiksi toimittajia ei p\u00e4\u00e4stet\u00e4 kokouksiin edelleenk\u00e4\u00e4n, eiv\u00e4tk\u00e4 kokouksiin osallistuneet saa antaa tietoja k\u00e4ydyist\u00e4 neuvotteluista. My\u00f6sk\u00e4\u00e4n <strong>valtamedia<\/strong> ei jostain syyst\u00e4 juuri julkaise uutisia <strong>Bilderberg<\/strong>-tapahtumista. <strong>Bilderberg<\/strong> ryhm\u00e4n johtoryhm\u00e4ss\u00e4 on\/ollut my\u00f6s <strong>Nokian<\/strong> entinen p\u00e4\u00e4johtaja <strong>Jorma Ollila<\/strong>.<\/p>\n<p>Olemme saavuttamassa pian <strong>Raamatussa<\/strong> ilmoitetun <strong>vaivan ajan<\/strong>. Silloin <strong>Antikristus<\/strong> on vallassa koko maailman hallitsijana. <strong>Vaivanaika<\/strong> kest\u00e4\u00e4 kolme ja puoli vuotta ja sin\u00e4 aikana <strong>kaikki ihmiset, joiden nimi\u00e4 ei ole kirjoitettu teurastetun Karitsan el\u00e4m\u00e4nkirjaan joutuvat Jumalan vihan alle, sent\u00e4hden etteiv\u00e4t ottaneet vastaan rakkautta totuuteen voidakseen pelastua.<\/strong><\/p>\n<p><strong>Mutta viel\u00e4 on armon ja pelastuksen p\u00e4iv\u00e4! Usko Herraan Jeesukseen, niin sin\u00e4 pelastut niin my\u00f6s sinun perhekuntasi<\/strong>. Ap.t. 16:31<\/p>\n<p><strong>Sill\u00e4 niin on Jumala maailmaa rakastanut, ett\u00e4 h\u00e4n antoi ainokaisen Poikansa, ettei yksik\u00e4\u00e4n, joka h\u00e4neen uskoo, hukkuisi, vaan h\u00e4nell\u00e4 olisi iankaikkinen el\u00e4m\u00e4<\/strong>. Joh. 3:16<\/p>\n<p><strong>Jos et viel\u00e4 ole pelastunut, niin ota t\u00e4n\u00e4\u00e4n Jeesus Kristus henkil\u00f6kohtaisesti vastaan yksinkertaisella rukouksella<\/strong>: <strong>Tied\u00e4n olevani syntinen ja uskon, ett\u00e4 sin\u00e4 Jeesus Kristus Jumalan Poika olet sovittanut kaikki minun syntini ristin kuolemallasi. Tule el\u00e4m\u00e4\u00e4ni, tee minusta uusi luomus ja t\u00e4yt\u00e4 minut Pyh\u00e4ll\u00e4 Hengell\u00e4. Kiitos Jeesus. Aamen.<\/strong><\/p>\n<p><strong>Ja min\u00e4 annan teille uuden syd\u00e4men, ja uuden hengen min\u00e4 annan teid\u00e4n sisimp\u00e4\u00e4nne. Min\u00e4 poistan teid\u00e4n ruumiistanne kivisyd\u00e4men ja annan teille lihasyd\u00e4men. Ja henkeni min\u00e4 annan teid\u00e4n sisimp\u00e4\u00e4nne ja vaikutan sen, ett\u00e4 te vaellatte minun k\u00e4skyjeni mukaan, noudatatte minun oikeuksiani ja pid\u00e4tte ne<\/strong>. Hes. 36:26-27<\/p>\n<p>&nbsp;<\/p>\n<p><img loading=\"lazy\" decoding=\"async\" class=\"alignnone wp-image-1928 size-full\" src=\"http:\/\/www.lopunajat.fi\/blogi\/wp-content\/uploads\/2014\/12\/AA1_sivu14-e1419436885827.png\" alt=\"AA1_sivu14\" width=\"597\" height=\"400\" srcset=\"https:\/\/lopunajat.fi\/blogi\/wp-content\/uploads\/2014\/12\/AA1_sivu14-e1419436885827.png 597w, https:\/\/lopunajat.fi\/blogi\/wp-content\/uploads\/2014\/12\/AA1_sivu14-e1419436885827-300x201.png 300w\" sizes=\"auto, (max-width: 597px) 100vw, 597px\" \/><\/p>\n<p><strong>OLO<\/strong> mainoskampanja on n\u00e4kynyt katukuvassa. 16.2.2012 otettu kuva Turun Kauppatorilta. Etusivun mainokset lehdiss\u00e4 julkaistiin 9.2.2012, 9+2 = 11 === 911.<\/p>\n","protected":false},"excerpt":{"rendered":"<p>12.2.2012, p\u00e4ivitetty 23.5.2012 Ainakin Turun Sanomissa ja Helsingin Sanomissa julkaistiin 9.2.2012 koko etusivun Valion OLO-mainos. Kuvassa on marjoista tehty osittainen pyramidimuodostelma ja sen huipulla OLO-purkki. Kun p\u00e4\u00e4lle asetetaan 90 asteen suorakulma (lis\u00e4tty oheiseen kuvaan) niin pyramidille saadaan huippu ja pyramidin reunat my\u00f6t\u00e4ilev\u00e4t l\u00e4hes t\u00e4ydellisesti muodostelmaa. Kun OLO tekstin k\u00e4\u00e4nt\u00e4\u00e4 yl\u00f6salaisin niin sana muuttuu heprean kieleksi. [&hellip;]<\/p>\n","protected":false},"author":1,"featured_media":0,"parent":0,"menu_order":0,"comment_status":"open","ping_status":"closed","template":"","meta":{"footnotes":""},"class_list":["post-1924","page","type-page","status-publish","hentry"],"_links":{"self":[{"href":"https:\/\/lopunajat.fi\/blogi\/wp-json\/wp\/v2\/pages\/1924","targetHints":{"allow":["GET"]}}],"collection":[{"href":"https:\/\/lopunajat.fi\/blogi\/wp-json\/wp\/v2\/pages"}],"about":[{"href":"https:\/\/lopunajat.fi\/blogi\/wp-json\/wp\/v2\/types\/page"}],"author":[{"embeddable":true,"href":"https:\/\/lopunajat.fi\/blogi\/wp-json\/wp\/v2\/users\/1"}],"replies":[{"embeddable":true,"href":"https:\/\/lopunajat.fi\/blogi\/wp-json\/wp\/v2\/comments?post=1924"}],"version-history":[{"count":23,"href":"https:\/\/lopunajat.fi\/blogi\/wp-json\/wp\/v2\/pages\/1924\/revisions"}],"predecessor-version":[{"id":1960,"href":"https:\/\/lopunajat.fi\/blogi\/wp-json\/wp\/v2\/pages\/1924\/revisions\/1960"}],"wp:attachment":[{"href":"https:\/\/lopunajat.fi\/blogi\/wp-json\/wp\/v2\/media?parent=1924"}],"curies":[{"name":"wp","href":"https:\/\/api.w.org\/{rel}","templated":true}]}}