{"id":1784,"date":"2014-12-04T12:23:44","date_gmt":"2014-12-04T10:23:44","guid":{"rendered":"http:\/\/www.lopunajat.fi\/blogi\/?page_id=1784"},"modified":"2015-11-07T20:21:57","modified_gmt":"2015-11-07T18:21:57","slug":"tv","status":"publish","type":"page","link":"https:\/\/lopunajat.fi\/blogi\/tv\/","title":{"rendered":"TV"},"content":{"rendered":"<div class=\"epyt-video-wrapper\"><iframe  data-ep-a=\"zoomInUp\"  style=\"display: block; margin: 0px auto;\"  id=\"_ytid_43578\"  width=\"625\" height=\"352\"  data-origwidth=\"625\" data-origheight=\"352\" data-ep-src=\"https:\/\/www.youtube.com\/embed\/beqNChAjAno?enablejsapi=1&#038;origin=https:\/\/lopunajat.fi&#038;autoplay=0&#038;cc_load_policy=1&#038;cc_lang_pref=&#038;iv_load_policy=3&#038;loop=0&#038;rel=0&#038;fs=1&#038;playsinline=0&#038;autohide=2&#038;hl=fi&#038;theme=dark&#038;color=red&#038;controls=1&#038;disablekb=0&#038;\" class=\"__youtube_prefs__  epyt-is-override  no-lazyload\" title=\"YouTube player\"  allow=\"fullscreen; accelerometer; autoplay; clipboard-write; encrypted-media; gyroscope; picture-in-picture; web-share\" referrerpolicy=\"strict-origin-when-cross-origin\" allowfullscreen data-no-lazy=\"1\" data-skipgform_ajax_framebjll=\"\"><\/iframe><\/div>\n<p>Jakso #8: L\u00c4HI-ID\u00c4N AIKAPOMMI<\/p>\n<div class=\"epyt-video-wrapper\"><iframe  data-ep-a=\"zoomInUp\"  style=\"display: block; margin: 0px auto;\"  id=\"_ytid_64712\"  width=\"625\" height=\"352\"  data-origwidth=\"625\" data-origheight=\"352\" data-ep-src=\"https:\/\/www.youtube.com\/embed\/MxsNaSjFnvQ?enablejsapi=1&#038;origin=https:\/\/lopunajat.fi&#038;autoplay=0&#038;cc_load_policy=1&#038;cc_lang_pref=&#038;iv_load_policy=3&#038;loop=0&#038;rel=0&#038;fs=1&#038;playsinline=0&#038;autohide=2&#038;hl=fi&#038;theme=dark&#038;color=red&#038;controls=1&#038;disablekb=0&#038;\" class=\"__youtube_prefs__  epyt-is-override  no-lazyload\" title=\"YouTube player\"  allow=\"fullscreen; accelerometer; autoplay; clipboard-write; encrypted-media; gyroscope; picture-in-picture; web-share\" referrerpolicy=\"strict-origin-when-cross-origin\" allowfullscreen data-no-lazy=\"1\" data-skipgform_ajax_framebjll=\"\"><\/iframe><\/div>\n<p>Jakso #7: OBAMA JA 666<\/p>\n<div class=\"epyt-video-wrapper\"><iframe  data-ep-a=\"zoomInUp\"  style=\"display: block; margin: 0px auto;\"  id=\"_ytid_10851\"  width=\"625\" height=\"352\"  data-origwidth=\"625\" data-origheight=\"352\" data-ep-src=\"https:\/\/www.youtube.com\/embed\/rCFzlMz-cZg?enablejsapi=1&#038;origin=https:\/\/lopunajat.fi&#038;autoplay=0&#038;cc_load_policy=1&#038;cc_lang_pref=&#038;iv_load_policy=3&#038;loop=0&#038;rel=0&#038;fs=1&#038;playsinline=0&#038;autohide=2&#038;hl=fi&#038;theme=dark&#038;color=red&#038;controls=1&#038;disablekb=0&#038;\" class=\"__youtube_prefs__  epyt-is-override  no-lazyload\" title=\"YouTube player\"  allow=\"fullscreen; accelerometer; autoplay; clipboard-write; encrypted-media; gyroscope; picture-in-picture; web-share\" referrerpolicy=\"strict-origin-when-cross-origin\" allowfullscreen data-no-lazy=\"1\" data-skipgform_ajax_framebjll=\"\"><\/iframe><\/div>\n<p>Jakso #6: VEN\u00c4J\u00c4N KARHUN NOUSU<\/p>\n<div class=\"epyt-video-wrapper\"><iframe  data-ep-a=\"zoomInUp\"  style=\"display: block; margin: 0px auto;\"  id=\"_ytid_98280\"  width=\"625\" height=\"352\"  data-origwidth=\"625\" data-origheight=\"352\" data-ep-src=\"https:\/\/www.youtube.com\/embed\/Pjx_XM_DP7o?enablejsapi=1&#038;origin=https:\/\/lopunajat.fi&#038;autoplay=0&#038;cc_load_policy=1&#038;cc_lang_pref=&#038;iv_load_policy=3&#038;loop=0&#038;rel=0&#038;fs=1&#038;playsinline=0&#038;autohide=2&#038;hl=fi&#038;theme=dark&#038;color=red&#038;controls=1&#038;disablekb=0&#038;\" class=\"__youtube_prefs__  epyt-is-override  no-lazyload\" title=\"YouTube player\"  allow=\"fullscreen; accelerometer; autoplay; clipboard-write; encrypted-media; gyroscope; picture-in-picture; web-share\" referrerpolicy=\"strict-origin-when-cross-origin\" allowfullscreen data-no-lazy=\"1\" data-skipgform_ajax_framebjll=\"\"><\/iframe><\/div>\n<p>Jakso #5: PEDON MERKKI<\/p>\n<div class=\"epyt-video-wrapper\"><iframe  data-ep-a=\"zoomInUp\"  style=\"display: block; margin: 0px auto;\"  id=\"_ytid_52913\"  width=\"625\" height=\"352\"  data-origwidth=\"625\" data-origheight=\"352\" data-ep-src=\"https:\/\/www.youtube.com\/embed\/glsl2NCo7Tc?enablejsapi=1&#038;origin=https:\/\/lopunajat.fi&#038;autoplay=0&#038;cc_load_policy=1&#038;cc_lang_pref=&#038;iv_load_policy=3&#038;loop=0&#038;rel=0&#038;fs=1&#038;playsinline=0&#038;autohide=2&#038;hl=fi&#038;theme=dark&#038;color=red&#038;controls=1&#038;disablekb=0&#038;\" class=\"__youtube_prefs__  epyt-is-override  no-lazyload\" title=\"YouTube player\"  allow=\"fullscreen; accelerometer; autoplay; clipboard-write; encrypted-media; gyroscope; picture-in-picture; web-share\" referrerpolicy=\"strict-origin-when-cross-origin\" allowfullscreen data-no-lazy=\"1\" data-skipgform_ajax_framebjll=\"\"><\/iframe><\/div>\n<p>Jakso #4: UUSI MAAILMAN J\u00c4RJESTYS<\/p>\n<div class=\"epyt-video-wrapper\"><iframe  data-ep-a=\"zoomInUp\"  style=\"display: block; margin: 0px auto;\"  id=\"_ytid_61665\"  width=\"625\" height=\"352\"  data-origwidth=\"625\" data-origheight=\"352\" data-ep-src=\"https:\/\/www.youtube.com\/embed\/GAXP7b5MhtE?enablejsapi=1&#038;origin=https:\/\/lopunajat.fi&#038;autoplay=0&#038;cc_load_policy=1&#038;cc_lang_pref=&#038;iv_load_policy=3&#038;loop=0&#038;rel=0&#038;fs=1&#038;playsinline=0&#038;autohide=2&#038;hl=fi&#038;theme=dark&#038;color=red&#038;controls=1&#038;disablekb=0&#038;\" class=\"__youtube_prefs__  epyt-is-override  no-lazyload\" title=\"YouTube player\"  allow=\"fullscreen; accelerometer; autoplay; clipboard-write; encrypted-media; gyroscope; picture-in-picture; web-share\" referrerpolicy=\"strict-origin-when-cross-origin\" allowfullscreen data-no-lazy=\"1\" data-skipgform_ajax_framebjll=\"\"><\/iframe><\/div>\n<p>Jakso #3: AJANKOHTAISTA LOPPUVUONNA 2014<\/p>\n<div class=\"epyt-video-wrapper\"><iframe  data-ep-a=\"zoomInUp\"  style=\"display: block; margin: 0px auto;\"  id=\"_ytid_93653\"  width=\"625\" height=\"352\"  data-origwidth=\"625\" data-origheight=\"352\" data-ep-src=\"https:\/\/www.youtube.com\/embed\/tBizfjq3mAQ?enablejsapi=1&#038;origin=https:\/\/lopunajat.fi&#038;autoplay=0&#038;cc_load_policy=1&#038;cc_lang_pref=&#038;iv_load_policy=3&#038;loop=0&#038;rel=0&#038;fs=1&#038;playsinline=0&#038;autohide=2&#038;hl=fi&#038;theme=dark&#038;color=red&#038;controls=1&#038;disablekb=0&#038;\" class=\"__youtube_prefs__  epyt-is-override  no-lazyload\" title=\"YouTube player\"  allow=\"fullscreen; accelerometer; autoplay; clipboard-write; encrypted-media; gyroscope; picture-in-picture; web-share\" referrerpolicy=\"strict-origin-when-cross-origin\" allowfullscreen data-no-lazy=\"1\" data-skipgform_ajax_framebjll=\"\"><\/iframe><\/div>\n<p>Jakso #2: VERIKUU TETRADIT<\/p>\n<div class=\"epyt-video-wrapper\"><iframe  data-ep-a=\"zoomInUp\"  style=\"display: block; margin: 0px auto;\"  id=\"_ytid_12904\"  width=\"625\" height=\"352\"  data-origwidth=\"625\" data-origheight=\"352\" data-ep-src=\"https:\/\/www.youtube.com\/embed\/gqYYgN88lGQ?enablejsapi=1&#038;origin=https:\/\/lopunajat.fi&#038;autoplay=0&#038;cc_load_policy=1&#038;cc_lang_pref=&#038;iv_load_policy=3&#038;loop=0&#038;rel=0&#038;fs=1&#038;playsinline=0&#038;autohide=2&#038;hl=fi&#038;theme=dark&#038;color=red&#038;controls=1&#038;disablekb=0&#038;\" class=\"__youtube_prefs__  epyt-is-override  no-lazyload\" title=\"YouTube player\"  allow=\"fullscreen; accelerometer; autoplay; clipboard-write; encrypted-media; gyroscope; picture-in-picture; web-share\" referrerpolicy=\"strict-origin-when-cross-origin\" allowfullscreen data-no-lazy=\"1\" data-skipgform_ajax_framebjll=\"\"><\/iframe><\/div>\n<p>Jakso#1: L\u00c4HI-ID\u00c4N V\u00c4\u00c4R\u00c4 RAUHA<\/p>\n","protected":false},"excerpt":{"rendered":"<p>Jakso #8: L\u00c4HI-ID\u00c4N AIKAPOMMI Jakso #7: OBAMA JA 666 Jakso #6: VEN\u00c4J\u00c4N KARHUN NOUSU Jakso #5: PEDON MERKKI Jakso #4: UUSI MAAILMAN J\u00c4RJESTYS Jakso #3: AJANKOHTAISTA LOPPUVUONNA 2014 Jakso #2: VERIKUU TETRADIT Jakso#1: L\u00c4HI-ID\u00c4N V\u00c4\u00c4R\u00c4 RAUHA<\/p>\n","protected":false},"author":1,"featured_media":0,"parent":0,"menu_order":0,"comment_status":"open","ping_status":"closed","template":"","meta":{"footnotes":""},"class_list":["post-1784","page","type-page","status-publish","hentry"],"_links":{"self":[{"href":"https:\/\/lopunajat.fi\/blogi\/wp-json\/wp\/v2\/pages\/1784","targetHints":{"allow":["GET"]}}],"collection":[{"href":"https:\/\/lopunajat.fi\/blogi\/wp-json\/wp\/v2\/pages"}],"about":[{"href":"https:\/\/lopunajat.fi\/blogi\/wp-json\/wp\/v2\/types\/page"}],"author":[{"embeddable":true,"href":"https:\/\/lopunajat.fi\/blogi\/wp-json\/wp\/v2\/users\/1"}],"replies":[{"embeddable":true,"href":"https:\/\/lopunajat.fi\/blogi\/wp-json\/wp\/v2\/comments?post=1784"}],"version-history":[{"count":23,"href":"https:\/\/lopunajat.fi\/blogi\/wp-json\/wp\/v2\/pages\/1784\/revisions"}],"predecessor-version":[{"id":4063,"href":"https:\/\/lopunajat.fi\/blogi\/wp-json\/wp\/v2\/pages\/1784\/revisions\/4063"}],"wp:attachment":[{"href":"https:\/\/lopunajat.fi\/blogi\/wp-json\/wp\/v2\/media?parent=1784"}],"curies":[{"name":"wp","href":"https:\/\/api.w.org\/{rel}","templated":true}]}}