{"id":1216,"date":"2014-05-29T15:00:36","date_gmt":"2014-05-29T12:00:36","guid":{"rendered":"https:\/\/lopunajat.fi\/blogi\/?page_id=1216"},"modified":"2014-12-24T18:14:33","modified_gmt":"2014-12-24T16:14:33","slug":"salaseurat","status":"publish","type":"page","link":"https:\/\/lopunajat.fi\/blogi\/salaseurat\/","title":{"rendered":"Salaseurat"},"content":{"rendered":"<h1><strong>2014:<\/strong><\/h1>\n<p>Vuoden 2014 Bilderberg kokous pidet\u00e4\u00e4n Tanskassa ensi viikonloppuna (29.5.-1.6.2014).<\/p>\n<p>Suomesta on kutsuttu 7. toisen tiedon mukaan 8 henkil\u00f6\u00e4.<\/p>\n<p>(Valta)media ei varmaan t\u00e4n\u00e4k\u00e4\u00e4n vuonna halua \/\u00a0 p\u00e4\u00e4se seuraamaan mit\u00e4 tuolla suljettujen ovien takana kieroillaan.<\/p>\n<p>&nbsp;<\/p>\n<h1>2013:<\/h1>\n<p>Bilderberg kokous j\u00e4rjestettiin 2013 Englannissa&#8230;.<\/p>\n<p>N\u00e4iss\u00e4 suljetuissa tapaamisissa ovat tiett\u00e4v\u00e4sti juosseet muunmuassa<br \/>\nKatainen, Urpilainen, Vanhanen, Ollila, Ahtisaari ja nykyinenkin presidentti.<\/p>\n<p>T\u00e4n\u00e4 vuonna tuolla BB kokouksessa on my\u00f6s suuresti mukana my\u00f6s Google, eli<br \/>\novat ilmeisesti yhdist\u00e4m\u00e4ss\u00e4 voimiaan&#8230;. Googlehan omistaa<br \/>\nYoutubenkin.<\/p>\n<p><a title=\"* Bilderberg \u2013 \u201deliitin\u201d salaseura\" href=\"https:\/\/lopunajat.fi\/blogi\/?p=69\">Lue lis\u00e4\u00e4<\/a><\/p>\n<p>&nbsp;<\/p>\n<h1>2012:<\/h1>\n<p><span class=\"meta\">3.11.2012<\/span>: Trilateraalikomissio Helsingiss\u00e4<\/p>\n<p>&#8221;P\u00e4\u00e4ministeri Jyrki Katainen (kok.) osallistuu t\u00e4n\u00e4\u00e4n lauantaina jatkuvaan Euroopan p\u00e4\u00e4tt\u00e4jien keskustelufoorumiin, jossa pohditaan Euroopan tulevaisuutta.&#8221;<\/p>\n<p><a href=\"http:\/\/yle.fi\/uutiset\/euroopan_huippujohtajien_kokous_jatkuu_helsingissa\/6362090\" target=\"_blank\">http:\/\/yle.fi\/uutiset\/euroopan_huippujohtajien_kokous_jatkuu_helsingissa\/6362090<\/a><\/p>\n<p>&nbsp;<\/p>\n<p><a title=\"AJATTELEMISEN AIHETTA\" href=\"http:\/\/www.lopunajat.fi\/blogi\/?page_id=1924\">OLO = KUOHITA, MUUTTAA J\u00c4RJESTYST\u00c4<\/a><\/p>\n<p>&nbsp;<\/p>\n<h1><strong>VAPAAMUURARIJ\u00c4RJEST\u00d6T:<\/strong><\/h1>\n<p>&nbsp;<\/p>\n","protected":false},"excerpt":{"rendered":"<p>2014: Vuoden 2014 Bilderberg kokous pidet\u00e4\u00e4n Tanskassa ensi viikonloppuna (29.5.-1.6.2014). Suomesta on kutsuttu 7. toisen tiedon mukaan 8 henkil\u00f6\u00e4. (Valta)media ei varmaan t\u00e4n\u00e4k\u00e4\u00e4n vuonna halua \/\u00a0 p\u00e4\u00e4se seuraamaan mit\u00e4 tuolla suljettujen ovien takana kieroillaan. &nbsp; 2013: Bilderberg kokous j\u00e4rjestettiin 2013 Englannissa&#8230;. N\u00e4iss\u00e4 suljetuissa tapaamisissa ovat tiett\u00e4v\u00e4sti juosseet muunmuassa Katainen, Urpilainen, Vanhanen, Ollila, Ahtisaari ja nykyinenkin [&hellip;]<\/p>\n","protected":false},"author":1,"featured_media":0,"parent":0,"menu_order":0,"comment_status":"open","ping_status":"closed","template":"","meta":{"footnotes":""},"class_list":["post-1216","page","type-page","status-publish","hentry"],"_links":{"self":[{"href":"https:\/\/lopunajat.fi\/blogi\/wp-json\/wp\/v2\/pages\/1216","targetHints":{"allow":["GET"]}}],"collection":[{"href":"https:\/\/lopunajat.fi\/blogi\/wp-json\/wp\/v2\/pages"}],"about":[{"href":"https:\/\/lopunajat.fi\/blogi\/wp-json\/wp\/v2\/types\/page"}],"author":[{"embeddable":true,"href":"https:\/\/lopunajat.fi\/blogi\/wp-json\/wp\/v2\/users\/1"}],"replies":[{"embeddable":true,"href":"https:\/\/lopunajat.fi\/blogi\/wp-json\/wp\/v2\/comments?post=1216"}],"version-history":[{"count":15,"href":"https:\/\/lopunajat.fi\/blogi\/wp-json\/wp\/v2\/pages\/1216\/revisions"}],"predecessor-version":[{"id":1935,"href":"https:\/\/lopunajat.fi\/blogi\/wp-json\/wp\/v2\/pages\/1216\/revisions\/1935"}],"wp:attachment":[{"href":"https:\/\/lopunajat.fi\/blogi\/wp-json\/wp\/v2\/media?parent=1216"}],"curies":[{"name":"wp","href":"https:\/\/api.w.org\/{rel}","templated":true}]}}