{"id":1099,"date":"2014-05-17T12:45:32","date_gmt":"2014-05-17T09:45:32","guid":{"rendered":"https:\/\/lopunajat.fi\/blogi\/?page_id=1099"},"modified":"2014-05-17T12:45:32","modified_gmt":"2014-05-17T09:45:32","slug":"orwellin-vuosi-1984-ja-isovelimedia","status":"publish","type":"page","link":"https:\/\/lopunajat.fi\/blogi\/orwellin-vuosi-1984-ja-isovelimedia\/","title":{"rendered":"Orwellin vuosi 1984 ja IsoveliMedia"},"content":{"rendered":"<p><strong>Vuonna 1984<\/strong><\/p>\n<p>George Orwellin teos : Vuonna 1984, kirjoitettu vuonna 1948, esikuva:\u00a0 mm. Stalinin Neuvostoliitto<\/p>\n<p>Kirja on kirjoitettu toisen maailmansodan opetusten pohjalta.\u00a0 Orwell pyrkii est\u00e4m\u00e4\u00e4n kirjassaan esitt\u00e4m\u00e4ns\u00e4 tulevaisuudenkuvan toteutumista. Ihmeellisell\u00e4 tavalla Orwell osasi ennustaa useat aikamme ilmi\u00f6t. Esimerkiksi aivopesu ja yleisen mielipiteen manipulointi ovat k\u00e4yneet toteen. Sellaiset sanonnat kuin \u201dIsoveli valvoo\u201d ja \u201dmenneisyyden uudelleen kirjoittaminen\u201d ovat nekin nyttemmin totta. Niin sanottu \u201duuskieli\u201d on parasta aikaa kehittym\u00e4ss\u00e4.<\/p>\n<p>Orwellin fiktiivinen kirja kertoo Winston Smith nimisest\u00e4 henkil\u00f6st\u00e4 Lontoossa. H\u00e4n joutuu ty\u00f6skentelem\u00e4\u00e4n Totuusministeri\u00f6ss\u00e4, jonka teht\u00e4v\u00e4n\u00e4 on, paitsi valehdella kansalle Isoveljen kulloinkin m\u00e4\u00e4r\u00e4\u00e4m\u00e4ll\u00e4 tavalla, my\u00f6s h\u00e4vitt\u00e4\u00e4 menneisyyden todistuskappaleet: esimerkiksi kirjoittaa vanhat sanomalehdetkin uudestaan, jos ne ovat ristiriidassa Puolueen nykylinjan kanssa.<\/p>\n<p>Kansalaisia valvoo Ajatuspoliisi, jonka seurantalaitteita (televisioita) on kaikkialla yhteiskunnassa. Yhteiskunnassa valtaa k\u00e4ytt\u00e4\u00e4 puolueen ylin taso 2 %:a v\u00e4est\u00f6st\u00e4. Puolueen muuhun osaan kuuluu 13 %:a v\u00e4est\u00e4 ja loput 85 %:a ovat ns. prolea eli ty\u00f6v\u00e4enluokan kansalaisia, jotka pidet\u00e4\u00e4n tyytyv\u00e4isin\u00e4 alkoholilla, pornolla ja lottoarvonnoilla.<\/p>\n<p>Smith rakastuu Juliaan. Kirjassa rakastuminen on rikos Puoluetta vastaan. Lopulta Smith joutuu tutustumaan Rakkausministeri\u00f6n kammottaviin kellareihin, joissa h\u00e4net vapahdetaan yksil\u00f6llisyydest\u00e4\u00e4n ja opetetaan rakastamaan Isovelje\u00e4. Smithi\u00e4 kidutetaan fyysisesti ja henkisesti, kunnes t\u00e4m\u00e4 pyyt\u00e4\u00e4 kiduttajaa kiduttamaan Juliaa h\u00e4nen sijaansa. H\u00e4net p\u00e4\u00e4stet\u00e4\u00e4n pois Rakkausministeri\u00f6st\u00e4. Kun kerran puolue on sit\u00e4 mielt\u00e4, ett\u00e4 kaksi ynn\u00e4 kaksi on viisi, t\u00e4ytyy asian olla niin. Eik\u00e4 Smith ainoastaan usko vaan alkaa my\u00f6s n\u00e4kem\u00e4\u00e4n asian niin. H\u00e4n unohtaa koskaan ajatelleensakaan muulla tavoin.<\/p>\n<p>Viimeisess\u00e4 kirjan luvussa Smith tapaa Julian, muttei ole en\u00e4\u00e4 kiinnostunut h\u00e4nest\u00e4. Kirjan lopussa h\u00e4n huomaa rakastavansa Isovelje\u00e4 Julian sijaan.<\/p>\n<p>Olemme v\u00e4hitellen siirtym\u00e4ss\u00e4 nykyaikana Orwellin ennustamaan yhteiskuntaan. Ainakin osittain voi ajatella.<\/p>\n<p>On helppo todeta, ett\u00e4 meit\u00e4 valvotaan kaduilla valvontakameroiden kautta, netiss\u00e4 hakukoneiden kautta, kaupoissa erilaisten korttien ja pankeissa pankkikorttiostojen ja nostojen kautta. Lis\u00e4ksi k\u00e4nnykk\u00e4\u00e4mme voidaan kuunnella Echelon satelliittien avulla. Lis\u00e4ksi meid\u00e4t voidaan paikantaa k\u00e4nnykk\u00e4mme kautta. Moneen paikkaan emme p\u00e4\u00e4se ilman kulkusirua, joka tallentaa kaikki menemiset ja tulemiset. Itse asiassa monissa autoissa on jo mikrosiru, johon merkkiliike voi vaikuttaa. Nyt on ilmennyt, ett\u00e4 m\u00e4\u00e4r\u00e4ttyjen hakuohjelmien my\u00f6t\u00e4 tietokoneita voidaan kuunnella k\u00e4ytt\u00e4j\u00e4n sit\u00e4 tiet\u00e4m\u00e4tt\u00e4.<\/p>\n<p>Esimerkiksi puolueissa kansanedustajien itsen\u00e4inen p\u00e4\u00e4t\u00e4nt\u00e4valta on v\u00e4hitellen kaventunut puoluekuriksi. Tieteen alalla tutkimusvapaus on muuttumassa kauniiksi fraasiksi. Monen tutkimusalan auktoriteetit jyr\u00e4\u00e4v\u00e4t armotta toisinajattelijat. Samaa on sanottava kirkon piiriss\u00e4. Liberaaliteologit ovat leimaamassa vanhoillisia fundamentalisteiksi. Media n\u00e4ytt\u00e4\u00e4 leimaavan homouden vastustajat ihmisyyden vastustajiksi. Perussuomalaisiakin vainotaan leimaamalla heid\u00e4t tyhmiksi ja kansallismielisiksi. Olemme siis siirtym\u00e4ss\u00e4 moniarvoisesta kulttuurista er\u00e4\u00e4nlaiseen trendiajatteluun, jossa toisinajattelevia ei arvosteta eik\u00e4 kuulla. Kun et ole Mediassa, ei sinua ole olemassakaan. Kysymys on henkisest\u00e4 v\u00e4kivallasta, jonka johdossa Media n\u00e4ytt\u00e4\u00e4 suuntaa. Aiemmin kunnioitettiin muitakin mielipiteit\u00e4. Nyky\u00e4\u00e4n massoille sy\u00f6tet\u00e4\u00e4n ajatuksia ja asenteita, joita edustavat Isoveli ja sen lakeijat. Aikamme Isoveli harrastaa siis henkist\u00e4 kidutusta luomalla ennakkoluuloja, kiihottamalla massoja ja vaientamalla v\u00e4hemmist\u00f6t.<\/p>\n<p>Olemme osin my\u00f6s siirtyneet ns. uuskieleen, jota leimaa erilaiset lyhennykset ja englanninkieliset lainaukset. Sanoille saatetaan antaa erilainen merkityssis\u00e4lt\u00f6. Nykyisin mies ei saa olla mies eik\u00e4 nainen en\u00e4\u00e4 naisellinen. Pit\u00e4\u00e4 olla sukupuolineutraali. Onkohan t\u00e4ss\u00e4 kysymys seksuaaliv\u00e4hemmist\u00f6jen pyrkimyksest\u00e4 luoda mahdollisimman otolliset olosuhteet seksuaalisten poikkeavuuksien syntymiselle.<\/p>\n<p>Leif Salm\u00e9n totesi Aamulehden 15.10.1994 haastattelussa: \u201d L\u00e4nsimaissa hellit\u00e4\u00e4n myytti\u00e4, ett\u00e4 media, nelj\u00e4s valtiomahti, olisi l\u00e4\u00e4ke tuhoisaa vallank\u00e4ytt\u00f6\u00e4, korruptiota, byrokratiaa ja vinoutunutta yhteiskuntamoraalia vastaan. Todellisuudessa journalistikunta, joitakin yksitt\u00e4isi\u00e4 poikkeuksia lukuun ottamatta, on kiinte\u00e4 osa valtaeliitti\u00e4\u2026Maailmanlaajuisesti media on mylly, joka py\u00f6ritt\u00e4\u00e4 p\u00e4iv\u00e4unia, valheita, propagandaa ja v\u00e4\u00e4ri\u00e4 tietoja. Vallanpit\u00e4jien aseman legitimoimiseksi tarvitaan massiivinen, taukoamaton manipulaatio\u2026Media ei asetu valtaa vastaan miss\u00e4\u00e4n t\u00e4rke\u00e4ss\u00e4 asiassa.\u201d<\/p>\n<p>Lis\u00e4isin tuohon viel\u00e4 median taipumuksen vaieta joistakin asianhaaroista tai asioista. Media siis kertoo tosiasioita, joista ei kuitenkaan aina muodostu totuudenmukaista kuvaa. Vaikenemalla esimerkiksi kriittisist\u00e4 arvioista, voidaan hankkeista antaa liian \u201druusuinen\u201d kuva. Media suorittaa siis er\u00e4\u00e4nlaista sensuuria. Markkinavoimat, monesti mainostajat, vaikuttavat siihen mist\u00e4 uutisoidaan ja miten sek\u00e4 milloin.\u00a0 Liian kriittisist\u00e4 arvioista tai ep\u00e4ilytt\u00e4vist\u00e4 kysymyksist\u00e4 vaietaan kokonaan. Media saattaa pit\u00e4\u00e4 kysymyst\u00e4 rasistisena, populistisena, provokatiivisena, loukkaavana tai suorastaan tyhm\u00e4n\u00e4. Kysyj\u00e4\u00e4 pidet\u00e4\u00e4n vanhanaikaisena, kalkkiksena, ajastaan j\u00e4lkeen j\u00e4\u00e4neen\u00e4. H\u00e4n ei Median mielest\u00e4 ole en\u00e4\u00e4 nykyajassa eik\u00e4 uusien el\u00e4m\u00e4ntapojen tai arvojen maailmassa. Arvoisat Median edustajat tuntuuko tutulta. Ymm\u00e4rr\u00e4n, ett\u00e4 erilaisten n\u00e4k\u00f6kulmien yhteensovittaminen on usein pulmallista- kompromisseja. Kun lukee p\u00e4\u00e4kirjoituksia ja vastaavia, huomaa my\u00f6s eri kirjoittajien erilaiset n\u00e4kemykset. Toisen mielest\u00e4 vy\u00f6t\u00e4 on kiristett\u00e4v\u00e4 ja toisen mielest\u00e4 taas palvelut s\u00e4ilytett\u00e4v\u00e4. Ehk\u00e4 poliittinen tausta vaikuttaa arvovalintoihin vai onko kyse lukijoiden eri taustaryhmien tyynnyttelyst\u00e4.<\/p>\n<p>Toisinjattelija<\/p>\n<p>&nbsp;<\/p>\n","protected":false},"excerpt":{"rendered":"<p>Vuonna 1984 George Orwellin teos : Vuonna 1984, kirjoitettu vuonna 1948, esikuva:\u00a0 mm. Stalinin Neuvostoliitto Kirja on kirjoitettu toisen maailmansodan opetusten pohjalta.\u00a0 Orwell pyrkii est\u00e4m\u00e4\u00e4n kirjassaan esitt\u00e4m\u00e4ns\u00e4 tulevaisuudenkuvan toteutumista. Ihmeellisell\u00e4 tavalla Orwell osasi ennustaa useat aikamme ilmi\u00f6t. Esimerkiksi aivopesu ja yleisen mielipiteen manipulointi ovat k\u00e4yneet toteen. Sellaiset sanonnat kuin \u201dIsoveli valvoo\u201d ja \u201dmenneisyyden uudelleen kirjoittaminen\u201d [&hellip;]<\/p>\n","protected":false},"author":1,"featured_media":0,"parent":0,"menu_order":0,"comment_status":"open","ping_status":"closed","template":"","meta":{"footnotes":""},"class_list":["post-1099","page","type-page","status-publish","hentry"],"_links":{"self":[{"href":"https:\/\/lopunajat.fi\/blogi\/wp-json\/wp\/v2\/pages\/1099","targetHints":{"allow":["GET"]}}],"collection":[{"href":"https:\/\/lopunajat.fi\/blogi\/wp-json\/wp\/v2\/pages"}],"about":[{"href":"https:\/\/lopunajat.fi\/blogi\/wp-json\/wp\/v2\/types\/page"}],"author":[{"embeddable":true,"href":"https:\/\/lopunajat.fi\/blogi\/wp-json\/wp\/v2\/users\/1"}],"replies":[{"embeddable":true,"href":"https:\/\/lopunajat.fi\/blogi\/wp-json\/wp\/v2\/comments?post=1099"}],"version-history":[{"count":1,"href":"https:\/\/lopunajat.fi\/blogi\/wp-json\/wp\/v2\/pages\/1099\/revisions"}],"predecessor-version":[{"id":1100,"href":"https:\/\/lopunajat.fi\/blogi\/wp-json\/wp\/v2\/pages\/1099\/revisions\/1100"}],"wp:attachment":[{"href":"https:\/\/lopunajat.fi\/blogi\/wp-json\/wp\/v2\/media?parent=1099"}],"curies":[{"name":"wp","href":"https:\/\/api.w.org\/{rel}","templated":true}]}}